{"id":150,"date":"2018-02-18T19:48:54","date_gmt":"2018-02-18T18:48:54","guid":{"rendered":"http:\/\/global-friendship.org\/?page_id=150"},"modified":"2022-04-04T13:22:08","modified_gmt":"2022-04-04T11:22:08","slug":"cilla","status":"publish","type":"page","link":"https:\/\/global-friendship.org\/de\/cilla\/","title":{"rendered":"Cilla"},"content":{"rendered":"\n<p>\u201eNach dem Studium bin ich nach Bad Kreuznach gezogen, um w\u00e4hrend eines 10-monatigen Praktikums bei den Noldes zu leben. Damals ahnte ich noch nicht, was sie einmal f\u00fcr mich bedeuten w\u00fcrden. Sie haben mir nicht nur ihre Heimat, sondern auch ihr Herz ge\u00f6ffnet und liebten mich bedingungslos wie einen der ihren.<\/p>\n\n\n\n<p>Ich erinnere mich gerne an unsere n\u00e4chtlichen Sitzungen, in denen wir f\u00fcr das Language Explosion Camp, Candle-Light-Dinner, lange Herz-zu-Herz-Gespr\u00e4che planten, w\u00e4hrend wir mit dem Hund spazieren gingen und jedes Mal urkomisch lachten, wenn ich mal wieder den Toast verbrannte oder meine \u201ePost-its\u201c \u00fcberall hinklebte.<\/p>\n\n\n\n<p>Ein sanfter Schubs oder ein Wort der Ermutigung halfen mir hin und wieder mich langsam mit einigen \u00c4ngsten auseinanderzusetzen und sie zu \u00fcberwinden und in vielen anderen Bereichen zu wachsen. Aber der st\u00e4rkste Fu\u00dfabdruck, der in meinem Leben hinterlassen wurde, ist ihr Beispiel f\u00fcr Vertrauen und Liebe f\u00fcr den Herrn Jesus in allen schwierigen Umst\u00e4nden. Durch Seine Gnade sahen wir, wie sich Leben ver\u00e4nderten und viele Gebete erh\u00f6rt wurden. Ich bin dankbar f\u00fcr all die Jahre des gemeinsamen \u201eLebens\u201c und daf\u00fcr, dass sie so ein Segen sind!&#8220;<\/p>\n\n\n\n<p>Cilla (USA\/Afrika\/Deutschland)<\/p>\n","protected":false},"excerpt":{"rendered":"<p>\u201eNach dem Studium bin ich nach Bad Kreuznach gezogen, um w\u00e4hrend eines 10-monatigen Praktikums bei den Noldes zu leben. Damals ahnte ich noch nicht, was sie einmal f\u00fcr mich bedeuten w\u00fcrden. Sie haben mir nicht nur ihre Heimat, sondern auch ihr Herz ge\u00f6ffnet und liebten mich bedingungslos wie einen der ihren. Ich erinnere mich gerne [&hellip;]<\/p>\n","protected":false},"author":2,"featured_media":0,"parent":0,"menu_order":0,"comment_status":"closed","ping_status":"closed","template":"","meta":{"footnotes":""},"class_list":["post-150","page","type-page","status-publish","hentry"],"translation":{"provider":"WPGlobus","version":"3.0.2","language":"de","enabled_languages":["en","de"],"languages":{"en":{"title":true,"content":true,"excerpt":false},"de":{"title":true,"content":true,"excerpt":false}}},"_links":{"self":[{"href":"https:\/\/global-friendship.org\/de\/wp-json\/wp\/v2\/pages\/150","targetHints":{"allow":["GET"]}}],"collection":[{"href":"https:\/\/global-friendship.org\/de\/wp-json\/wp\/v2\/pages"}],"about":[{"href":"https:\/\/global-friendship.org\/de\/wp-json\/wp\/v2\/types\/page"}],"author":[{"embeddable":true,"href":"https:\/\/global-friendship.org\/de\/wp-json\/wp\/v2\/users\/2"}],"replies":[{"embeddable":true,"href":"https:\/\/global-friendship.org\/de\/wp-json\/wp\/v2\/comments?post=150"}],"version-history":[{"count":8,"href":"https:\/\/global-friendship.org\/de\/wp-json\/wp\/v2\/pages\/150\/revisions"}],"predecessor-version":[{"id":700,"href":"https:\/\/global-friendship.org\/de\/wp-json\/wp\/v2\/pages\/150\/revisions\/700"}],"wp:attachment":[{"href":"https:\/\/global-friendship.org\/de\/wp-json\/wp\/v2\/media?parent=150"}],"curies":[{"name":"wp","href":"https:\/\/api.w.org\/{rel}","templated":true}]}}