{"id":160,"date":"2018-02-18T20:17:11","date_gmt":"2018-02-18T19:17:11","guid":{"rendered":"http:\/\/global-friendship.org\/?page_id=160"},"modified":"2024-03-18T17:12:58","modified_gmt":"2024-03-18T16:12:58","slug":"my-visit","status":"publish","type":"page","link":"https:\/\/global-friendship.org\/de\/my-visit\/","title":{"rendered":"Bewertungen\/Erfahrungen"},"content":{"rendered":"\n<p><strong>Wenn Sie unsere Gastfreundschaft erlebt haben, an unseren Aktivit\u00e4ten teilgenommen haben und eine Bewertung hinterlassen oder Ihre Geschichte teilen m\u00f6chten, dann kontaktieren Sie uns und wir k\u00f6nnen sie hier ver\u00f6ffentlichen.<\/strong><\/p>\n\n\n\n<p><strong>BAD KREUZNACH<\/strong><\/p>\n\n\n\n<figure class=\"wp-block-image alignright is-resized\"><img loading=\"lazy\" decoding=\"async\" width=\"300\" height=\"300\" src=\"https:\/\/global-friendship.org\/wp-content\/uploads\/2018\/02\/wood-play-color-human-friendship-together-300x300.jpg\" alt=\"\" class=\"wp-image-236\" style=\"width:190px;height:auto\" srcset=\"https:\/\/global-friendship.org\/wp-content\/uploads\/2018\/02\/wood-play-color-human-friendship-together-300x300.jpg 300w, https:\/\/global-friendship.org\/wp-content\/uploads\/2018\/02\/wood-play-color-human-friendship-together-150x150.jpg 150w, https:\/\/global-friendship.org\/wp-content\/uploads\/2018\/02\/wood-play-color-human-friendship-together-100x100.jpg 100w, https:\/\/global-friendship.org\/wp-content\/uploads\/2018\/02\/wood-play-color-human-friendship-together.jpg 400w\" sizes=\"auto, (max-width: 300px) 100vw, 300px\" \/><\/figure>\n\n\n\n<p>Seit 20 Jahren ist unser Zuhause eine Dreht\u00fcr! Einige sind zum Abendessen vorbeigekommen, andere blieben eine Nacht und einige lebten fast ein Jahr bei uns. Ob jung oder alt, sie haben unser Leben bereichert.<\/p>\n\n\n\n<p>Mehrmals waren wir f\u00fcr mehrere Tage\/Wochen Gastgeber einer Musikkapelle bestehend aus f\u00fcnf jungen M\u00e4nnern. Da sie keinen \u201eManager\u201c hatten, sprangen wir ein, um Termine und Konzerte zu vereinbaren und ihre stornierten Fl\u00fcge vor dem Konzert zu \u201ereparieren\u201c \u2013 was von unserer Seite Flexibilit\u00e4t und Geduld erforderte.<\/p>\n\n\n\n<p>Ein anderes Mal waren wir Gastgeber einer talentierten Band aus S\u00fcdafrika (<a href=\"https:\/\/www.joshuanadiereen.com\/\">Joshua na die Re\u00ebn<\/a> and<a href=\"https:\/\/www.joshuanadiereen.com\/\">&nbsp;<\/a><a href=\"https:\/\/www.youtube.com\/channel\/UCJzlDjgzptZGN7ogI0UFZlQ\">Lizandra-von-Hagen<\/a>). Unser Esszimmer wurde zum Proberaum \u2013 die Lieder hallten im ganzen Haus wider. <br>Ein anderes Mal f\u00fcllte ein Sprach- und Theaterteam jeden zur Verf\u00fcgung stehenden Raum mit der Herausforderung mit nur zwei Duschen zu bedienen. Oftmals helfen wir diesen Besuchern dabei, verlorenes Gep\u00e4ck wieder zu finden oder Visa- und Sprachprobleme zu kl\u00e4ren. Es war niemals langweilig!<\/p>\n\n\n\n<p>Wir danken allen, die ihre \u201eReise\u201c mit viel Lachen, Tr\u00e4nen, Gespr\u00e4chen, Herausforderungen, Gebeten und Mahlzeiten mit uns geteilt haben!<\/p>\n\n\n\n<p><strong><em>Geschichten\/Berichte:<\/em><\/strong><\/p>\n\n\n\n<p><a href=\"http:\/\/global-friendship.org\/continued-stories\/\">*weitere Eintr\u00e4ge<\/a><\/p>\n\n\n\n<p><a href=\"https:\/\/global-friendship.org\/my-visit\/anja-strittmatter\/\">Anja, NZ<\/a><\/p>\n\n\n\n<p><a href=\"https:\/\/global-friendship.org\/bill-mary\/\">Bill &amp; Mary, USA<\/a><\/p>\n\n\n\n<p><a href=\"https:\/\/global-friendship.org\/my-visit\/carol-anne\/\">Carol Ann,&nbsp;SA<\/a><\/p>\n\n\n\n<p><a href=\"https:\/\/global-friendship.org\/my-visit\/clark-osborn\/\">Clark, USA<\/a><\/p>\n\n\n\n<p><a href=\"https:\/\/global-friendship.org\/elizabeth-osborne\/\">Elisabeth, USA<\/a><\/p>\n\n\n\n<p><a href=\"https:\/\/global-friendship.org\/michael-flemming\/\">Michael, N. IRE<\/a><\/p>\n\n\n\n<p><a href=\"https:\/\/global-friendship.org\/cilla\/\">Cilla, Africa, De, USA<\/a><\/p>\n\n\n\n<p><a href=\"https:\/\/global-friendship.org\/my-visit\/rachel-and-germaine\/\">Rachel &amp; Germaine, Malaysia<\/a><\/p>\n\n\n\n<p><a href=\"https:\/\/global-friendship.org\/malfitanos\/\">Malfitanos, USA<\/a><\/p>\n\n\n\n<p><a href=\"https:\/\/global-friendship.org\/my-visit\/karin-knecht-protte\/\">Karin, France<\/a><\/p>\n\n\n\n<p><a href=\"https:\/\/global-friendship.org\/kye-kendall-keefe\/\">Kye &amp; Kendall, USA<\/a><\/p>\n\n\n\n<p><a href=\"https:\/\/global-friendship.org\/ulrike-thomas\/\">Ulrike &amp; Thomas, De, Eng., Switzerland<\/a><\/p>\n\n\n\n<p><a href=\"https:\/\/global-friendship.org\/further-comments\/\">Werner, Jakomien, Mignon &amp; Joshua, SA<\/a><\/p>\n\n\n\n<p id=\"block-38505e89-103d-463e-bb9e-586a3ea3d273\">&nbsp;<\/p>\n","protected":false},"excerpt":{"rendered":"<p>Wenn Sie unsere Gastfreundschaft erlebt haben, an unseren Aktivit\u00e4ten teilgenommen haben und eine Bewertung hinterlassen oder Ihre Geschichte teilen m\u00f6chten, dann kontaktieren Sie uns und wir k\u00f6nnen sie hier ver\u00f6ffentlichen. BAD KREUZNACH Seit 20 Jahren ist unser Zuhause eine Dreht\u00fcr! Einige sind zum Abendessen vorbeigekommen, andere blieben eine Nacht und einige lebten fast ein Jahr [&hellip;]<\/p>\n","protected":false},"author":2,"featured_media":0,"parent":0,"menu_order":0,"comment_status":"closed","ping_status":"closed","template":"","meta":{"footnotes":""},"class_list":["post-160","page","type-page","status-publish","hentry"],"translation":{"provider":"WPGlobus","version":"3.0.2","language":"de","enabled_languages":["en","de"],"languages":{"en":{"title":true,"content":true,"excerpt":false},"de":{"title":true,"content":true,"excerpt":false}}},"_links":{"self":[{"href":"https:\/\/global-friendship.org\/de\/wp-json\/wp\/v2\/pages\/160","targetHints":{"allow":["GET"]}}],"collection":[{"href":"https:\/\/global-friendship.org\/de\/wp-json\/wp\/v2\/pages"}],"about":[{"href":"https:\/\/global-friendship.org\/de\/wp-json\/wp\/v2\/types\/page"}],"author":[{"embeddable":true,"href":"https:\/\/global-friendship.org\/de\/wp-json\/wp\/v2\/users\/2"}],"replies":[{"embeddable":true,"href":"https:\/\/global-friendship.org\/de\/wp-json\/wp\/v2\/comments?post=160"}],"version-history":[{"count":51,"href":"https:\/\/global-friendship.org\/de\/wp-json\/wp\/v2\/pages\/160\/revisions"}],"predecessor-version":[{"id":1081,"href":"https:\/\/global-friendship.org\/de\/wp-json\/wp\/v2\/pages\/160\/revisions\/1081"}],"wp:attachment":[{"href":"https:\/\/global-friendship.org\/de\/wp-json\/wp\/v2\/media?parent=160"}],"curies":[{"name":"wp","href":"https:\/\/api.w.org\/{rel}","templated":true}]}}