{"id":272,"date":"2018-03-11T20:57:05","date_gmt":"2018-03-11T19:57:05","guid":{"rendered":"http:\/\/global-friendship.org\/?page_id=272"},"modified":"2024-07-04T13:40:22","modified_gmt":"2024-07-04T11:40:22","slug":"exchange","status":"publish","type":"page","link":"https:\/\/global-friendship.org\/de\/exchange\/","title":{"rendered":"2018"},"content":{"rendered":"\n<p><a href=\"#german\">F\u00fcr die deutsche Version hier klicken<\/a><\/p>\n\n\n\n<figure class=\"wp-block-image size-full\" id=\"english\"><img loading=\"lazy\" decoding=\"async\" width=\"87\" height=\"50\" src=\"https:\/\/global-friendship.org\/wp-content\/uploads\/2021\/07\/English.png\" alt=\"\" class=\"wp-image-654\"\/><\/figure>\n\n\n\n<p>A peep into the \u201cGF House\u201d in 2018<\/p>\n\n\n\n<p>Since the beginning of 2018, when we officially registered the GF NGO, we have seen many people come and go. With some, we took a tour and spent many evenings in beautiful settings just mellowing over a glass of wine, a beer, a cup of coffee or just simply taking in the beauty of discovering new places while sharing deep thoughts, encouragement, laughs, reflecting or, just be still!<\/p>\n\n\n\n<p>Imagine walking through a concentration camp with someone who did not really know the deep impact this had on people and history! Then afterwards, in a famous restaurant in Munich, discussing the heart of man and how patient God is. Not stopping at the cruelty but moving on to Grace!<\/p>\n\n\n\n<p>Take a memory walk with us on the promenade along the Danube river in Wien, absorbing the reflection of lights on the winter snow and then pause at the famous \u201cHotel Sacher\u201d and enjoying a dream on the palette \u2013 A piece of the famous Sacher cake!!! But also, to reflect on how blessed we are and discuss how are we actually supporting others in a less privileged situation? While enjoying the good things, examining our own hearts.<\/p>\n\n\n\n<p>Having ample time for sharing and discussing the Word, praying for others and safety either over breakfast or going up the mountain with each having their own thoughts! Through Italy, Austria and then having a Flammkuchen in Strasbourg right below the amazing Cathedral and wondering if this beauty can evoke the beauty and truth that Christ has in mind for His church?<\/p>\n\n\n\n<p>Some people came and assisted us with renovations. Amazingly, some of the greatest moments and talks we had, were during these times! If you have any talents and wish to spend time with us while helping us with renovation, you are more than welcome!! We seem to have two left hands, little time and not that fit anymore Some call it \u201cold age\u201d<\/p>\n\n\n\n<p>Time with our children, grandsons and family here in Germany are some of the greatest investments one can make! Not only in Germany but it also took us to USA. Spending time with our daughter and family. Enjoying time with our grandson and reflecting, support and encourage while just enjoying each other!<\/p>\n\n\n\n<p>The pit-stop at our friends and board members of GF, Bill and Mary Veilleux, for sharing, reflecting and being encouraged made it worth the long drive!<\/p>\n\n\n\n<p>A trip to South Africa was another highlight. Spending time with the family all together in one spot for the celebration of the wonderful wedding of Cameron and Nadia in a setting and sunset that only God himself could orchestrate! Having talks till deep into the night! Klaus and I taking a walk down memory lane while visiting \u201cour\u201d spots!! What a blessing.<\/p>\n\n\n\n<p>Looking back and being certain now, more than ever, of acting out what GF stands for. Meeting and assisting people, be it financially, physically, coaching, encouraging or simply enjoying time with one another! Strangers, friends or our own family! Taking people in for a dinner, a night, a few days or, going places is irrelevant. We want to live out our vision \u2013 People!!!!<\/p>\n\n\n\n<p>What\u2019s awaiting 2019?<\/p>\n\n\n\n<p>Exciting visitors from\/to: USA\/Brazil\/Germany\/England\/SouthAfrica\/Belgium\/Greece\/Switzerland \u00b7       Support in many forms but, that would have to wait for a later up-date!!<\/p>\n\n\n\n<p><\/p>\n\n\n\n<p><\/p>\n\n\n\n<figure class=\"wp-block-image size-full\" id=\"german\"><img loading=\"lazy\" decoding=\"async\" width=\"85\" height=\"49\" src=\"https:\/\/global-friendship.org\/wp-content\/uploads\/2021\/07\/German.png\" alt=\"\" class=\"wp-image-655\"\/><\/figure>\n\n\n\n<p>Seit Anfang 2018, als wir die GF NGO offiziell registriert haben, haben wir viele Menschen kommen und gehen sehen. Mit einigen machten wir eine Tour und verbrachten viele Abende in einer wundersch\u00f6nen Umgebung, bei der wir gem\u00fctlich ein Glas Wein, ein Bier, eine Tasse Kaffee oder einfach nur die Sch\u00f6nheit des Entdeckens neuer Orte genossen und dabei tiefe Gedanken, Ermutigungen, Lachen, Nachdenken miterlebten oder einfach nur still sein!<\/p>\n\n\n\n<p>Stellen Sie sich vor, Sie gehen mit jemandem durch ein Konzentrationslager, der die tiefen Auswirkungen auf die Menschen und Geschichte nicht wirklich kannte!<\/p>\n\n\n\n<p>Anschlie\u00dfend diskutieren Sie in einem ber\u00fchmten Restaurant in M\u00fcnchen \u00fcber das Herz des Menschen und dar\u00fcber, wie geduldig Gott ist. Nicht bei der Grausamkeit stehen bleiben, sondern zu Gnade \u00fcbergehen!<\/p>\n\n\n\n<p>Machen Sie mit uns einen Spaziergang auf der Promenade an der Donau in Wien, nehmen Sie die Reflexion der Lichter im Winterschnee auf, machen Sie eine Pause im ber\u00fchmten \u201eHotel Sacher\u201c und genie\u00dfen Sie einen Traum auf der Palette &#8211; Ein St\u00fcck Sacher-Torte!! Aber auch dar\u00fcber nachzudenken, wie gesegnet wir sind, und zu diskutieren, wie wir tats\u00e4chlich andere in einer weniger privilegierten Situation unterst\u00fctzen kann? W\u00e4hrend wir die guten Dinge genie\u00dfen unsere eigenen Herzen untersuchen.<\/p>\n\n\n\n<p>Zeit genug zu haben, um das Wort zu blicken und zu diskutieren, f\u00fcr andere und f\u00fcr Sicherheit zu beten, entweder beim Fr\u00fchst\u00fcck oder beim Bergsteigen, wobei jeder seine eigenen Gedanken hat! Durch Italien, \u00d6sterreich und dann einen Flammkuchen in Stra\u00dfburg direkt unterhalb der beeindruckenden Kathedrale. Man fragt sich, ob diese Sch\u00f6nheit auch die Sch\u00f6nheit und die Wahrheit hervorrufen kann, die Christus f\u00fcr Seine Kirche im Sinn hat.<\/p>\n\n\n\n<p>Einige Personen kamen und unterst\u00fctzten uns bei Renovierungsarbeiten. Trotzdem waren es einige der sch\u00f6nsten Zeiten die wir hatten! Wenn du Talente hast und bei der Renovierung helfen m\u00f6chten, bist du bei uns herzlich willkommen!! Wir haben scheinbar zwei linke H\u00e4nde, wenig Zeit und nicht mehr so fit. Manche nennen es &#8222;Alter&#8220;<\/p>\n\n\n\n<p>Die Zeit mit unseren Kindern, Enkeln und Familien hier in Deutschland ist eine der gr\u00f6\u00dften Investitionen, die man t\u00e4tigen kann! Nicht nur in Deutschland, sondern auch in die USA. Zeit mit unserer Tochter und Familie verbringen. Genie\u00dfe die Zeit mit unserem Enkel und reflektiere, unterst\u00fctze und ermutige, w\u00e4hrend du einfach nur einander genie\u00dft!<\/p>\n\n\n\n<p>Ein Boxenstopp bei unseren Freunden und Vorstandsmitgliedern von GF, Bill und Mary Veilleux, zum austauschen und Ermutigen hat die lange Fahrt nach Virginia gelohnt!<\/p>\n\n\n\n<p>Eine Reise nach S\u00fcdafrika war ein weiteres Highlight. Wir verbrachten Zeit mit der Familie an einem Ort, um die wundervolle Hochzeit von Cameron und Nadia in einer Umgebung und einem Sonnenuntergang zu feiern, die nur Gott selbst orchestrieren kann! Gespr\u00e4che bis tief in die Nacht! Klaus und ich machten ein Spaziergang in die Vergangenheit, w\u00e4hrend wir \u201eunsere\u201c pers\u00f6nliche Spots besuchte!!<\/p>\n\n\n\n<p>R\u00fcckblickend sind wir sicher, jetzt mehr als je zuvor, dass wir aus\u00fcben m\u00f6chte wof\u00fcr GF steht. Menschen treffen und ihnen helfen, sei es finanziell, k\u00f6rperlich, coachen, ermutigen oder einfach nur Zeit miteinander verbringen! Fremde, Freunde oder unsere eigene Familie! Es ist irrelevant, Leute zum Abendessen, f\u00fcr eine Nacht, f\u00fcr ein paar Tage oder von anderem Orte zu sich zu nehmen. Wir wollen unsere Vision leben &#8211; Menschen!!!!<\/p>\n\n\n\n<p>Was erwartet uns in 2019?<\/p>\n\n\n\n<p>Spannende Besuche aus USA \/ Brasilien \/ Deutschland \/ England \/ S\u00fcdafrika \/ Belgien<br>Unterst\u00fctzung in vielen Formen, aber das m\u00fcsste auf ein sp\u00e4teres Update warten!!<\/p>\n","protected":false},"excerpt":{"rendered":"<p>F\u00fcr die deutsche Version hier klicken A peep into the \u201cGF House\u201d in 2018 Since the beginning of 2018, when we officially registered the GF NGO, we have seen many people come and go. With some, we took a tour and spent many evenings in beautiful settings just mellowing over a glass of wine, a [&hellip;]<\/p>\n","protected":false},"author":2,"featured_media":306,"parent":0,"menu_order":0,"comment_status":"closed","ping_status":"closed","template":"","meta":{"footnotes":""},"class_list":["post-272","page","type-page","status-publish","has-post-thumbnail","hentry"],"translation":{"provider":"WPGlobus","version":"3.0.2","language":"de","enabled_languages":["en","de"],"languages":{"en":{"title":true,"content":true,"excerpt":false},"de":{"title":false,"content":false,"excerpt":false}}},"_links":{"self":[{"href":"https:\/\/global-friendship.org\/de\/wp-json\/wp\/v2\/pages\/272","targetHints":{"allow":["GET"]}}],"collection":[{"href":"https:\/\/global-friendship.org\/de\/wp-json\/wp\/v2\/pages"}],"about":[{"href":"https:\/\/global-friendship.org\/de\/wp-json\/wp\/v2\/types\/page"}],"author":[{"embeddable":true,"href":"https:\/\/global-friendship.org\/de\/wp-json\/wp\/v2\/users\/2"}],"replies":[{"embeddable":true,"href":"https:\/\/global-friendship.org\/de\/wp-json\/wp\/v2\/comments?post=272"}],"version-history":[{"count":19,"href":"https:\/\/global-friendship.org\/de\/wp-json\/wp\/v2\/pages\/272\/revisions"}],"predecessor-version":[{"id":1043,"href":"https:\/\/global-friendship.org\/de\/wp-json\/wp\/v2\/pages\/272\/revisions\/1043"}],"wp:featuredmedia":[{"embeddable":true,"href":"https:\/\/global-friendship.org\/de\/wp-json\/wp\/v2\/media\/306"}],"wp:attachment":[{"href":"https:\/\/global-friendship.org\/de\/wp-json\/wp\/v2\/media?parent=272"}],"curies":[{"name":"wp","href":"https:\/\/api.w.org\/{rel}","templated":true}]}}