{"id":379,"date":"2018-05-13T20:18:18","date_gmt":"2018-05-13T18:18:18","guid":{"rendered":"http:\/\/global-friendship.org\/?page_id=379"},"modified":"2024-03-18T13:23:14","modified_gmt":"2024-03-18T12:23:14","slug":"further-comments","status":"publish","type":"page","link":"https:\/\/global-friendship.org\/de\/further-comments\/","title":{"rendered":"Werner, Jakomien, Mignon &amp; Joshua"},"content":{"rendered":"\n<p class=\"has-text-align-left\">Wir sind s\u00fcdafrikanische Auswanderer und leben seit 2010 in Deutschland.<img loading=\"lazy\" decoding=\"async\" width=\"150\" height=\"150\" class=\"wp-image-375\" style=\"width: 150px;\" src=\"https:\/\/global-friendship.org\/wp-content\/uploads\/2018\/05\/FamFouch\u00e9.jpg\" alt=\"\" srcset=\"https:\/\/global-friendship.org\/wp-content\/uploads\/2018\/05\/FamFouch\u00e9.jpg 400w, https:\/\/global-friendship.org\/wp-content\/uploads\/2018\/05\/FamFouch\u00e9-150x150.jpg 150w, https:\/\/global-friendship.org\/wp-content\/uploads\/2018\/05\/FamFouch\u00e9-300x300.jpg 300w, https:\/\/global-friendship.org\/wp-content\/uploads\/2018\/05\/FamFouch\u00e9-100x100.jpg 100w\" sizes=\"auto, (max-width: 150px) 100vw, 150px\" \/><br>Im April 2018 erhielten wir die traurige Nachricht eines Todesfalls in der Familie; Meine Schwester und der Vater meines Mannes starben kurz hinterreinanderr, und pl\u00f6tzlich mussten wir Vorkehrungen treffen, um zu den Beerdigungen nach Hause zu fliegen. Leider mussten die Kinder hier bleiben und da wir keine Verwandten in Deutschland haben, h\u00e4tte dies m\u00f6glicherweise zu einem echten Problem werden k\u00f6nnen. Aber wir z\u00f6gerten keine Sekunde die Noldes um Hilfe zu bitten, da wir wussten, dass Klaus und Annatjie immer eine Politik der offenen T\u00fcr hatten und es die beste Option w\u00e4re, unsere Lieben in ihrer Obhut zu lassen. Die Kinder liebten die Woche, die sie mit ihnen verbrachten. Sie fanden sich in einer sicheren Umgebung wieder und wurden sogar mit Ausfl\u00fcgen ins Kino und in den Zoo verw\u00f6hnt! So konnten wir beruhigt nach Hause fliegen und wussten, dass sie bei ihren deutschen Gro\u00dfeltern waren. Wir f\u00fchlen uns wirklich gesegnet, euch zu kennen.<br><br>Liebe und Gnade<br>Werner, Jakomien, Mignon &amp; Joshua<\/p>\n","protected":false},"excerpt":{"rendered":"<p>Wir sind s\u00fcdafrikanische Auswanderer und leben seit 2010 in Deutschland.Im April 2018 erhielten wir die traurige Nachricht eines Todesfalls in der Familie; Meine Schwester und der Vater meines Mannes starben kurz hinterreinanderr, und pl\u00f6tzlich mussten wir Vorkehrungen treffen, um zu den Beerdigungen nach Hause zu fliegen. Leider mussten die Kinder hier bleiben und da wir [&hellip;]<\/p>\n","protected":false},"author":2,"featured_media":0,"parent":0,"menu_order":0,"comment_status":"closed","ping_status":"closed","template":"","meta":{"footnotes":""},"class_list":["post-379","page","type-page","status-publish","hentry"],"translation":{"provider":"WPGlobus","version":"3.0.2","language":"de","enabled_languages":["en","de"],"languages":{"en":{"title":true,"content":true,"excerpt":false},"de":{"title":true,"content":true,"excerpt":false}}},"_links":{"self":[{"href":"https:\/\/global-friendship.org\/de\/wp-json\/wp\/v2\/pages\/379","targetHints":{"allow":["GET"]}}],"collection":[{"href":"https:\/\/global-friendship.org\/de\/wp-json\/wp\/v2\/pages"}],"about":[{"href":"https:\/\/global-friendship.org\/de\/wp-json\/wp\/v2\/types\/page"}],"author":[{"embeddable":true,"href":"https:\/\/global-friendship.org\/de\/wp-json\/wp\/v2\/users\/2"}],"replies":[{"embeddable":true,"href":"https:\/\/global-friendship.org\/de\/wp-json\/wp\/v2\/comments?post=379"}],"version-history":[{"count":12,"href":"https:\/\/global-friendship.org\/de\/wp-json\/wp\/v2\/pages\/379\/revisions"}],"predecessor-version":[{"id":887,"href":"https:\/\/global-friendship.org\/de\/wp-json\/wp\/v2\/pages\/379\/revisions\/887"}],"wp:attachment":[{"href":"https:\/\/global-friendship.org\/de\/wp-json\/wp\/v2\/media?parent=379"}],"curies":[{"name":"wp","href":"https:\/\/api.w.org\/{rel}","templated":true}]}}