{"id":513,"date":"2021-01-10T13:15:45","date_gmt":"2021-01-10T12:15:45","guid":{"rendered":"https:\/\/global-friendship.org\/?page_id=513"},"modified":"2026-01-31T19:00:24","modified_gmt":"2026-01-31T18:00:24","slug":"coaching","status":"publish","type":"page","link":"https:\/\/global-friendship.org\/de\/coaching\/","title":{"rendered":"Life Coaching &amp; Therapie"},"content":{"rendered":"\n<figure class=\"wp-block-image aligncenter is-resized\"><img loading=\"lazy\" decoding=\"async\" width=\"300\" height=\"118\" src=\"https:\/\/global-friendship.org\/wp-content\/uploads\/2018\/03\/coaching-300x118.jpg\" alt=\"\" class=\"wp-image-308\" style=\"width:337px;height:auto\" srcset=\"https:\/\/global-friendship.org\/wp-content\/uploads\/2018\/03\/coaching-300x118.jpg 300w, https:\/\/global-friendship.org\/wp-content\/uploads\/2018\/03\/coaching-768x302.jpg 768w, https:\/\/global-friendship.org\/wp-content\/uploads\/2018\/03\/coaching.jpg 954w\" sizes=\"auto, (max-width: 300px) 100vw, 300px\" \/><\/figure>\n\n\n\n<p><\/p>\n\n\n\n<p><em>\u201eErkenne deine Bestimmung und l\u00f6se die einschr\u00e4nkenden \u00dcberzeugungen, die dich zur\u00fcckhalten\u201c <\/em><br><em>Wir freuen uns, wenn du nicht l\u00e4nger z\u00f6gerst, <strong>besuche <\/strong>oder <\/em><strong><a href=\"https:\/\/global-friendship.org\/contact\/\"><em>kontaktiere<\/em> <\/a><\/strong>uns.<\/p>\n\n\n\n<p><\/p>\n\n\n\n<p><em><strong><mark style=\"background-color:rgba(0, 0, 0, 0);color:#f40101\" class=\"has-inline-color\">LIFE COACHING <\/mark><\/strong><\/em><\/p>\n\n\n\n<p>Manchmal braucht das Leben keinen kompletten Neuanfang \u2013 sondern einen liebevollen Perspektivwechsel. Life Coaching kann dich dabei unterst\u00fctzen, neue Klarheit zu gewinnen, innere St\u00e4rke zu entwickeln und deinen eigenen Weg bewusster zu gehen.<br>Im Mittelpunkt stehen dabei:<\/p>\n\n\n\n<p><mark style=\"background-color:rgba(0, 0, 0, 0);color:#f70202\" class=\"has-inline-color\"><strong>K<\/strong><\/mark>LARHEIT <strong><mark style=\"background-color:rgba(0, 0, 0, 0);color:#f80101\" class=\"has-inline-color\">M<\/mark><\/strong>OTIVATION <strong><mark style=\"background-color:rgba(0, 0, 0, 0);color:#f80202\" class=\"has-inline-color\">I<\/mark><\/strong>NNERE ST\u00c4RKE&nbsp;<\/p>\n\n\n\n<p>Als Life Coach begleite ich dich wertsch\u00e4tzend und individuell in deiner pers\u00f6nlichen Entwicklung. Mit wissenschaftlich fundierten und praxisnahen Methoden unterst\u00fctze ich dich dabei,<\/p>\n\n\n\n<ul class=\"wp-block-list\">\n<li>deine Selbstreflexion zu st\u00e4rken,<\/li>\n\n\n\n<li>festgefahrene Denk- und Verhaltensmuster zu erkennen und zu l\u00f6sen,<\/li>\n\n\n\n<li>neue Perspektiven f\u00fcr dein Leben\/Arbeit zu entwickeln<\/li>\n\n\n\n<li>diese wirksam auf Ihre Lebens- und Arbeitssituation anzuwenden.<\/li>\n<\/ul>\n\n\n\n<p>Der Raum, den wir gemeinsam schaffen, ist gepr\u00e4gt von Vertrauen, Respekt und Offenheit \u2013 damit Entwicklung m\u00f6glich wird.<\/p>\n\n\n\n<figure class=\"wp-block-image size-full is-resized\"><img loading=\"lazy\" decoding=\"async\" width=\"421\" height=\"66\" src=\"https:\/\/global-friendship.org\/wp-content\/uploads\/2024\/03\/T-G-E.jpg\" alt=\"\" class=\"wp-image-928\" style=\"width:734px;height:auto\" srcset=\"https:\/\/global-friendship.org\/wp-content\/uploads\/2024\/03\/T-G-E.jpg 421w, https:\/\/global-friendship.org\/wp-content\/uploads\/2024\/03\/T-G-E-300x47.jpg 300w\" sizes=\"auto, (max-width: 421px) 100vw, 421px\" \/><\/figure>\n\n\n\n<p>\u201c<em>Man kann einem Menschen nichts beibringen, man kann ihm nur helfen, es in sich selbst zu finden.\u201d<\/em><em>&nbsp;Galileo Galilei<\/em><\/p>\n\n\n\n<p><\/p>\n\n\n\n<p class=\"has-vivid-red-color has-text-color has-link-color wp-elements-9136a180304f027578ec472778fd8578\"><strong><em>ONLINE COACHING<\/em><\/strong><\/p>\n\n\n\n<p>Lassen Sie uns Ihr volles Potenzial entdecken \u2013 GEMEINSAM!<em><strong>             &nbsp;<\/strong><\/em><strong><a href=\"https:\/\/global-friendship.org\/contact\/\"><u>contact<\/u><\/a><\/strong><\/p>\n\n\n\n<p class=\"has-vivid-red-color has-text-color has-link-color wp-elements-f87cb83ac39adfa48ae5a1a5a1574eb9\"><br><em><strong>VERHALTENS<\/strong><\/em><strong><em>THERAPIE<\/em><\/strong><\/p>\n\n\n\n<p>Verhaltenstherapie unterst\u00fctzt Sie dabei, belastende Denk- und Verhaltensmuster behutsam zu erkennen und zu ver\u00e4ndern. Im Mittelpunkt steht ein respektvoller und wertsch\u00e4tzender Blick auf Ihr Erleben \u2013 ohne Bewertung und ohne Druck.<br><br>Gemeinsam arbeiten wir daran, innere \u00dcberzeugungen zu l\u00f6sen, die mit Selbstzweifeln, Schuld oder Wertlosigkeit verbunden sind. Ziel ist es, neue Perspektiven zu entwickeln und ein stabileres, freundlicheres Selbstbild zu f\u00f6rdern.<\/p>\n\n\n\n<figure class=\"wp-block-image size-full is-resized\"><img loading=\"lazy\" decoding=\"async\" width=\"457\" height=\"167\" src=\"https:\/\/global-friendship.org\/wp-content\/uploads\/2024\/03\/Zitate.jpg\" alt=\"\" class=\"wp-image-931\" style=\"width:744px;height:auto\" srcset=\"https:\/\/global-friendship.org\/wp-content\/uploads\/2024\/03\/Zitate.jpg 457w, https:\/\/global-friendship.org\/wp-content\/uploads\/2024\/03\/Zitate-300x110.jpg 300w\" sizes=\"auto, (max-width: 457px) 100vw, 457px\" \/><\/figure>\n\n\n\n<p><\/p>\n\n\n\n<p class=\"has-vivid-red-color has-text-color has-link-color wp-elements-65e5bbdf24c1bbbbfbd2cc6c0182469e\"><em><strong>TRAUMATHERAPIE<\/strong><\/em><\/p>\n\n\n\n<p class=\"has-medium-font-size\">Traumatische Erfahrungen k\u00f6nnen das Gef\u00fchl von Sicherheit, Vertrauen und innerer Stabilit\u00e4t tief ersch\u00fcttern. Oft reagiert der K\u00f6rper schneller als der Verstand \u2013 mit Angst, innerer Unruhe, Erstarrung oder R\u00fcckzug. Diese Reaktionen sind normale Antworten auf au\u00dfergew\u00f6hnliche Belastungen.<br><br>Traumatherapie bietet einen gesch\u00fctzten Raum, in dem Sie Ihr Tempo selbst bestimmen. Es geht nicht um das erneute Durchleben, sondern um behutsames Ann\u00e4hern, das St\u00e4rken Ihrer inneren Ressourcen und die Regulation des Nervensystems.<br><br>Ziel ist es, Schritt f\u00fcr Schritt wieder mehr Sicherheit, Stabilit\u00e4t und Selbstwirksamkeit im Alltag zu erleben.<\/p>\n\n\n\n<p class=\"has-medium-font-size\"><\/p>\n\n\n\n<p>Manche Erfahrungen hinterlassen Spuren, die sich erst viel sp\u00e4ter zeigen. Traumatherapie bietet einen gesch\u00fctzten Raum, um Belastendes in Ihrem eigenen Tempo zu verstehen und zu verarbeiten.<\/p>\n\n\n\n<p>Ziel ist es, innere Sicherheit zu f\u00f6rdern, \u00fcberw\u00e4ltigende Gef\u00fchle zu regulieren und neue Stabilit\u00e4t im Alltag zu finden. Dabei geht es nicht um das Wiedererleben, sondern um behutsames Ann\u00e4hern, das St\u00e4rken vorhandener Ressourcen und das Wiedergewinnen von Selbstwirksamkeit.<\/p>\n\n\n\n<p>Traumatische Erfahrungen k\u00f6nnen sehr unterschiedlich sein \u2013 etwa Unf\u00e4lle, Gewalt, fr\u00fche Verletzungen oder andere Situationen, die als \u00fcberfordernd erlebt wurden.<\/p>\n\n\n\n<p>Die therapeutische Arbeit ist individuell abgestimmt, transparent und achtsam. Sie orientiert sich an bew\u00e4hrten traumatherapeutischen Methoden und an dem, was f\u00fcr Sie gerade m\u00f6glich und hilfreich ist.<\/p>\n\n\n\n<p><\/p>\n\n\n\n<figure class=\"wp-block-image size-full is-resized\"><img loading=\"lazy\" decoding=\"async\" width=\"565\" height=\"180\" src=\"https:\/\/global-friendship.org\/wp-content\/uploads\/2024\/03\/Trauma-Aussagen.jpg\" alt=\"\" class=\"wp-image-932\" style=\"width:876px;height:auto\" srcset=\"https:\/\/global-friendship.org\/wp-content\/uploads\/2024\/03\/Trauma-Aussagen.jpg 565w, https:\/\/global-friendship.org\/wp-content\/uploads\/2024\/03\/Trauma-Aussagen-300x96.jpg 300w\" sizes=\"auto, (max-width: 565px) 100vw, 565px\" \/><\/figure>\n\n\n\n<p><\/p>\n\n\n\n<p class=\"has-text-align-center has-large-font-size\"><strong>Schmerzhafte Erinnerungen zu \u00fcberwinden ist nicht einfach, aber die Ergebnisse k\u00f6nnen lebensver\u00e4ndernd sein<\/strong>!<\/p>\n\n\n<p>{:}<\/p>","protected":false},"excerpt":{"rendered":"<p>\u201eErkenne deine Bestimmung und l\u00f6se die einschr\u00e4nkenden \u00dcberzeugungen, die dich zur\u00fcckhalten\u201c Wir freuen uns, wenn du nicht l\u00e4nger z\u00f6gerst, besuche oder kontaktiere uns. LIFE COACHING Manchmal braucht das Leben keinen kompletten Neuanfang \u2013 sondern einen liebevollen Perspektivwechsel. Life Coaching kann dich dabei unterst\u00fctzen, neue Klarheit zu gewinnen, innere St\u00e4rke zu entwickeln und deinen eigenen Weg [&hellip;]<\/p>\n","protected":false},"author":2,"featured_media":0,"parent":0,"menu_order":0,"comment_status":"closed","ping_status":"closed","template":"","meta":{"footnotes":""},"class_list":["post-513","page","type-page","status-publish","hentry"],"translation":{"provider":"WPGlobus","version":"3.0.2","language":"de","enabled_languages":["en","de"],"languages":{"en":{"title":true,"content":true,"excerpt":false},"de":{"title":false,"content":false,"excerpt":false}}},"_links":{"self":[{"href":"https:\/\/global-friendship.org\/de\/wp-json\/wp\/v2\/pages\/513","targetHints":{"allow":["GET"]}}],"collection":[{"href":"https:\/\/global-friendship.org\/de\/wp-json\/wp\/v2\/pages"}],"about":[{"href":"https:\/\/global-friendship.org\/de\/wp-json\/wp\/v2\/types\/page"}],"author":[{"embeddable":true,"href":"https:\/\/global-friendship.org\/de\/wp-json\/wp\/v2\/users\/2"}],"replies":[{"embeddable":true,"href":"https:\/\/global-friendship.org\/de\/wp-json\/wp\/v2\/comments?post=513"}],"version-history":[{"count":18,"href":"https:\/\/global-friendship.org\/de\/wp-json\/wp\/v2\/pages\/513\/revisions"}],"predecessor-version":[{"id":1126,"href":"https:\/\/global-friendship.org\/de\/wp-json\/wp\/v2\/pages\/513\/revisions\/1126"}],"wp:attachment":[{"href":"https:\/\/global-friendship.org\/de\/wp-json\/wp\/v2\/media?parent=513"}],"curies":[{"name":"wp","href":"https:\/\/api.w.org\/{rel}","templated":true}]}}