{"id":519,"date":"2021-01-16T21:52:22","date_gmt":"2021-01-16T20:52:22","guid":{"rendered":"https:\/\/global-friendship.org\/?page_id=519"},"modified":"2026-01-31T18:52:50","modified_gmt":"2026-01-31T17:52:50","slug":"continued-stories","status":"publish","type":"page","link":"https:\/\/global-friendship.org\/de\/continued-stories\/","title":{"rendered":"Continued stories \/ Weitere Geschichten"},"content":{"rendered":"\n<p>Deutsche Version dieses Textes anzeigen<\/p>\n\n\n\n<p><strong>&#8222;F\u00fchl dich wie zuhause!&#8220;<\/strong> ist ein Satz den man bei Noldes oft h\u00f6rt.&nbsp;<\/p>\n\n\n\n<p>Und tats\u00e4chlich, die beiden haben mich mit offenen Armen und so einer Herzlichkeit empfangen, dass es sich schon ziemlich schnell wie ein &#8222;zuhause ankommen&#8220; anf\u00fchlte.<\/p>\n\n\n\n<p>Von fr\u00fch morgens habe ich von den gemeinsamen Zeiten geistlich, emotional und praktisch profitiert. Auch die langen Abende des Gespr\u00e4ches, bei denen Annatije und Klaus ihre Gastfreundschaft in einem besonderen Masse ausleben sind sehr kostbar.&nbsp;<\/p>\n\n\n\n<p>Da ich 2020 aufgrund von Corona in Deutschland &#8222;festsa\u00df&#8220; und nicht mehr nach Kapstadt (wo ich seit 2011 lebe)&nbsp;zur\u00fcckkehren konnte, war ich dankbar so ein St\u00fcck Heimat&nbsp;bei Nolde\u00b4s zu haben.&nbsp;<\/p>\n\n\n\n<p>&#8222;Gott ich brauche eine Marketing Managerin&#8220; war mein Gebet. Denn ich bin gerade mit einem Team von S\u00fcdafrikanern dabei, ein Kinder &#8211; und Jugendschutzhaus f\u00fcr Opfer aus dem Menschenhandel in Kapstadt aufzubauen. Dies ist sehr dringend, da in S\u00fcdafrika alle 5 Stunden ein Kind als vermisst gemeldet wird. Bis heute gibt es noch kein Schutzhaus f\u00fcr minderj\u00e4hrige Opfer aus dem Menschenhandel. Kurz nach diesem Gebet, kam ich mit&nbsp;Annatije&nbsp;und Global Friendship in Kontakt, welche mir zu einer grossen Hilfe in dieser Aufgabe wurden.&nbsp;<\/p>\n\n\n\n<p>Ihre Erfahrung, Professionalit\u00e4t und ihre harte Arbeit ist ein Geschenk f\u00fcr mich pers\u00f6nlich und f\u00fcr den s\u00fcdafrikanischen Verein f\u00fcr den ich arbeite:<a href=\"https:\/\/www.beyondpriceless.org\"> www.beyondpriceless.org<\/a><\/p>\n\n\n\n<p>Ich bin Noldes&nbsp;und Global Friendship total dankbar, dass sie f\u00fcr mich und viele G\u00e4ste, die ich in ihrem Haus kennen lernen durfte; immer ein offenes Haus haben!<\/p>\n\n\n\n<p><strong>Salome Geiger<\/strong><\/p>\n\n\n\n<p>&#8212;&#8212;&#8212;&#8212;&#8212;&#8212;&#8212;&#8212;&#8212;&#8212;&#8212;&#8212;&#8212;&#8212;&#8212;&#8212;&#8212;&#8212;&#8212;&#8212;&#8212;&#8212;&#8212;&#8212;&#8212;&#8212;&#8212;&#8212;&#8212;&#8211;<\/p>\n\n\n\n<figure class=\"wp-block-image alignright size-large is-resized is-style-default\"><img loading=\"lazy\" decoding=\"async\" width=\"400\" height=\"400\" src=\"https:\/\/global-friendship.org\/wp-content\/uploads\/2021\/01\/EttoreGiovanni-1.jpg\" alt=\"\" class=\"wp-image-575\" style=\"width:261px;height:auto\" srcset=\"https:\/\/global-friendship.org\/wp-content\/uploads\/2021\/01\/EttoreGiovanni-1.jpg 400w, https:\/\/global-friendship.org\/wp-content\/uploads\/2021\/01\/EttoreGiovanni-1-300x300.jpg 300w, https:\/\/global-friendship.org\/wp-content\/uploads\/2021\/01\/EttoreGiovanni-1-150x150.jpg 150w, https:\/\/global-friendship.org\/wp-content\/uploads\/2021\/01\/EttoreGiovanni-1-100x100.jpg 100w\" sizes=\"auto, (max-width: 400px) 100vw, 400px\" \/><\/figure>\n\n\n\n<p>Annatjie and Klaus or Should I say <strong>&#8222;Ouma and Oupa&#8220;&nbsp;<\/strong><\/p>\n\n\n\n<p>Two South Africans\/Italians, In Germany for the first time, not knowing how anything worked. Seeking to settle in Germany but not knowing how to even sort trash, let alone register for residence.&nbsp;<\/p>\n\n\n\n<p>Annatjie and Klaus welcomed us with loving arms and helped us from the beginning. &nbsp;Guiding us towards the right direction , showing us the ins and outs of the German culture and society.&nbsp;<\/p>\n\n\n\n<p>As a first time travelers, things can be scary and unknown, but we felt right at home.&nbsp;&nbsp;<\/p>\n\n\n\n<p>When it was time to leave, I definitely had heartache, as it felt as if I was leaving home for the first time.&nbsp;<\/p>\n\n\n\n<p>These are two of the most amazing people I have met in my entire life, and I hope that many more people get the chance to meet them.&nbsp;<\/p>\n\n\n\n<p>Even during these corona saken times, they made it such a fun time.&nbsp;<\/p>\n\n\n\n<p>I wouldn&#8217;t trade one second of my time with them.&nbsp;<\/p>\n\n\n\n<p><strong>Ettore and Giovanni Raimondi<\/strong><\/p>\n\n\n\n<p><\/p>\n\n\n\n<p id=\"-german\"><strong>Deutsch<\/strong><\/p>\n\n\n\n<p><strong>&#8222;F\u00fchl dich wie zuhause!&#8220;<\/strong> ist ein Satz den man bei Noldes oft h\u00f6rt.&nbsp;<\/p>\n\n\n\n<p>Und tats\u00e4chlich, die beiden haben mich mit offenen Armen und so einer Herzlichkeit empfangen, dass es sich schon ziemlich schnell wie ein &#8222;zuhause ankommen&#8220; anf\u00fchlte.<\/p>\n\n\n\n<p>Von fr\u00fch morgens habe ich von den gemeinsamen Zeiten geistlich, emotional und praktisch profitiert. Auch die langen Abende des Gespr\u00e4ches, bei denen Annatije und Klaus ihre Gastfreundschaft in einem besonderen Masse ausleben sind sehr kostbar.&nbsp;<\/p>\n\n\n\n<p>Da ich 2020 aufgrund von Corona in Deutschland &#8222;festsa\u00df&#8220; und nicht mehr nach Kapstadt (wo ich seit 2011 lebe)&nbsp;zur\u00fcckkehren konnte, war ich dankbar so ein St\u00fcck Heimat&nbsp;bei den Noldes zu haben.&nbsp; <\/p>\n\n\n\n<p>&#8222;Gott ich brauche eine Marketing Managerin&#8220; war mein Gebet. Denn ich bin gerade mit einem Team von S\u00fcdafrikanern dabei, ein Kinder &#8211; und Jugendschutzhaus f\u00fcr Opfer aus dem Menschenhandel in Kapstadt aufzubauen. Dies ist sehr dringend, da in S\u00fcdafrika alle 5 Stunden ein Kind als vermisst gemeldet wird. Bis heute gibt es noch kein Schutzhaus f\u00fcr minderj\u00e4hrige Opfer aus dem Menschenhandel. Kurz nach diesem Gebet, kam ich mit&nbsp;Annatije&nbsp;und Global Friendship in Kontakt, welche mir zu einer grossen Hilfe in dieser Aufgabe wurden.&nbsp;<\/p>\n\n\n\n<p>Ihre Erfahrung, Professionalit\u00e4t und ihre harte Arbeit ist ein Geschenk f\u00fcr mich pers\u00f6nlich und f\u00fcr den s\u00fcdafrikanischen Verein f\u00fcr den ich arbeite:&nbsp;<a href=\"https:\/\/www.beyondpriceless.org\" data-type=\"URL\" data-id=\"www.freetofly.org.za\">www.beyondpriceless.org<\/a><\/p>\n\n\n\n<p>Ich bin Nolde\u00b4s&nbsp;und Global Friendship total dankbar, dass sie f\u00fcr mich und viele G\u00e4ste, die ich in ihrem Haus kennen lernen durfte; immer ein offenes Haus haben!<\/p>\n\n\n\n<p><strong>Salome Geiger<\/strong><\/p>\n\n\n\n<p>&#8212;&#8212;&#8212;&#8212;&#8212;&#8212;&#8212;&#8212;&#8212;&#8212;&#8212;&#8212;&#8212;&#8212;&#8212;&#8212;&#8212;&#8212;&#8212;&#8212;&#8212;&#8212;&#8212;&#8212;&#8212;&#8212;&#8212;&#8212;&#8212;&#8211;<\/p>\n\n\n\n<figure class=\"wp-block-image alignright size-large is-resized is-style-default\"><img loading=\"lazy\" decoding=\"async\" width=\"400\" height=\"400\" src=\"https:\/\/global-friendship.org\/wp-content\/uploads\/2021\/01\/EttoreGiovanni-1.jpg\" alt=\"\" class=\"wp-image-575\" style=\"width:367px;height:auto\" srcset=\"https:\/\/global-friendship.org\/wp-content\/uploads\/2021\/01\/EttoreGiovanni-1.jpg 400w, https:\/\/global-friendship.org\/wp-content\/uploads\/2021\/01\/EttoreGiovanni-1-300x300.jpg 300w, https:\/\/global-friendship.org\/wp-content\/uploads\/2021\/01\/EttoreGiovanni-1-150x150.jpg 150w, https:\/\/global-friendship.org\/wp-content\/uploads\/2021\/01\/EttoreGiovanni-1-100x100.jpg 100w\" sizes=\"auto, (max-width: 400px) 100vw, 400px\" \/><\/figure>\n\n\n\n<p>Annatjie und Klaus oder sollten wir sagen <br><strong>&#8222;Oma and Opa&#8220;&nbsp;<\/strong><\/p>\n\n\n\n<p>Zwei s\u00fcdafrikanische Italiener, zum ersten Mal in Deutschland ohne zu wissen, wie irgendetwas funktioniert. Sie m\u00f6chten sich in Deutschland niederlassen und wissen noch nicht einmal, wie man M\u00fcll sortiert, geschweige denn wie man sich bei den Beh\u00f6rden anmeldet.<\/p>\n\n\n\n<p>Annatjie und Klaus empfingen uns mit liebevollen Armen und halfen uns von Anfang an. Sie f\u00fchren uns in die richtige Richtung und zeigen uns die Besonderheiten der deutschen Kultur und Gesellschaft.<\/p>\n\n\n\n<p>As a first time travelers, things can be scary and unknown, but we felt right at home.&nbsp;&nbsp;<\/p>\n\n\n\n<p>When it was time to leave, I definitely had heartache, as it felt as if I was leaving home for the first time.&nbsp;<\/p>\n\n\n\n<p>These are two of the most amazing people I have met in my entire life, and I hope that many more people get the chance to meet them.&nbsp;<\/p>\n\n\n\n<p>Even during these corona saken times, they made it such a fun time.&nbsp;<\/p>\n\n\n\n<p>I wouldn&#8217;t trade one second of my time with them.&nbsp;<\/p>\n\n\n\n<p><strong>Ettore and Giovanni Raimondi<\/strong><\/p>\n\n\n\n<p><\/p>\n\n\n<p>{:}<\/p>","protected":false},"excerpt":{"rendered":"<p>Deutsche Version dieses Textes anzeigen &#8222;F\u00fchl dich wie zuhause!&#8220; ist ein Satz den man bei Noldes oft h\u00f6rt.&nbsp; Und tats\u00e4chlich, die beiden haben mich mit offenen Armen und so einer Herzlichkeit empfangen, dass es sich schon ziemlich schnell wie ein &#8222;zuhause ankommen&#8220; anf\u00fchlte. Von fr\u00fch morgens habe ich von den gemeinsamen Zeiten geistlich, emotional und [&hellip;]<\/p>\n","protected":false},"author":2,"featured_media":0,"parent":0,"menu_order":0,"comment_status":"closed","ping_status":"closed","template":"","meta":{"footnotes":""},"class_list":["post-519","page","type-page","status-publish","hentry"],"translation":{"provider":"WPGlobus","version":"3.0.2","language":"de","enabled_languages":["en","de"],"languages":{"en":{"title":true,"content":true,"excerpt":false},"de":{"title":false,"content":false,"excerpt":false}}},"_links":{"self":[{"href":"https:\/\/global-friendship.org\/de\/wp-json\/wp\/v2\/pages\/519","targetHints":{"allow":["GET"]}}],"collection":[{"href":"https:\/\/global-friendship.org\/de\/wp-json\/wp\/v2\/pages"}],"about":[{"href":"https:\/\/global-friendship.org\/de\/wp-json\/wp\/v2\/types\/page"}],"author":[{"embeddable":true,"href":"https:\/\/global-friendship.org\/de\/wp-json\/wp\/v2\/users\/2"}],"replies":[{"embeddable":true,"href":"https:\/\/global-friendship.org\/de\/wp-json\/wp\/v2\/comments?post=519"}],"version-history":[{"count":25,"href":"https:\/\/global-friendship.org\/de\/wp-json\/wp\/v2\/pages\/519\/revisions"}],"predecessor-version":[{"id":1124,"href":"https:\/\/global-friendship.org\/de\/wp-json\/wp\/v2\/pages\/519\/revisions\/1124"}],"wp:attachment":[{"href":"https:\/\/global-friendship.org\/de\/wp-json\/wp\/v2\/media?parent=519"}],"curies":[{"name":"wp","href":"https:\/\/api.w.org\/{rel}","templated":true}]}}