{"id":590,"date":"2021-03-13T10:36:58","date_gmt":"2021-03-13T09:36:58","guid":{"rendered":"https:\/\/global-friendship.org\/?page_id=590"},"modified":"2024-07-04T13:37:48","modified_gmt":"2024-07-04T11:37:48","slug":"who-we-are-2","status":"publish","type":"page","link":"https:\/\/global-friendship.org\/de\/","title":{"rendered":"Who we are"},"content":{"rendered":"\n<p><a href=\"#german\">F\u00fcr deutschen Text hier klicken<\/a><\/p>\n\n\n\n<figure class=\"wp-block-image size-full\" id=\"english\"><img loading=\"lazy\" decoding=\"async\" width=\"87\" height=\"50\" src=\"https:\/\/global-friendship.org\/wp-content\/uploads\/2021\/07\/English.png\" alt=\"\" class=\"wp-image-654\"\/><\/figure>\n\n\n\n<p><strong>The purpose<\/strong>&nbsp;of&nbsp;<strong><em>Global Friendship <\/em>e.V.<\/strong>&nbsp;is to&nbsp;<em><u>care<\/u><\/em>&nbsp;and&nbsp;<em><u>accompany<\/u><\/em>&nbsp;people, who find themselves in stressful life situations in which they require extra support, soul care and loving practical help, within the parameters of our individual capabilities.&nbsp;<\/p>\n\n\n\n<p><strong>We value<\/strong>&nbsp;<em><u>connecting<\/u><\/em>&nbsp;and&nbsp;<em><u>embracing<\/u><\/em>&nbsp;people of&nbsp;<em><u>all ages<\/u><\/em>,&nbsp;<em><u>cultures<\/u><\/em>&nbsp;and&nbsp;<em><u>religions<\/u><\/em>&nbsp;by opening our homes in service. Our corporate experience allows us a unique opportunity to offer assistance to people from all walks of life.&nbsp;<\/p>\n\n\n\n<p><strong>Seeing people grow<\/strong>&nbsp;through&nbsp;<em><u>coaching<\/u><\/em>&nbsp;and&nbsp;<em><u>mentoring<\/u><\/em>&nbsp;is our passion! Integrating school and language projects, we seek to challenge and encourage youth to learn from other cultures, making it easier to address prejudices and expand their own horizons.&nbsp;<\/p>\n\n\n\n<p><strong>This is made possible&nbsp;<\/strong>in the form of&nbsp;short stays, telephone calls, and educational support. We connect individually through&nbsp;<em>practical life situations<\/em>&nbsp;within the context of&nbsp;<em><u>cognitive behavioral therapy<\/u><\/em>.<\/p>\n\n\n\n<p><strong>Our motto<\/strong>&nbsp;is to practice \u201c<em><u>unconditional love<\/u><\/em>\u201d, \u201c<em><u>be authentic<\/u><\/em>\u201d and \u201c<em><u>to encourage<\/u><\/em>\u201d others.&nbsp;<\/p>\n\n\n\n<p>These truths help us to assist others to live with the same values when they leave.<\/p>\n\n\n\n<p>We welcome you to&nbsp;<em><u>drop your mask<\/u><\/em>&nbsp;and let us walk with you in your situation!<\/p>\n\n\n\n<p><strong>Accommodation costs<\/strong>&nbsp;are not charged, but a&nbsp;<em><u>donation<\/u><\/em>&nbsp;is always appreciated.<\/p>\n\n\n\n<p><strong><em>Global Friendship<\/em><\/strong><strong>&nbsp;is not a clinic<\/strong>&nbsp;<strong>nor a holiday house.<\/strong>&nbsp;We desire, however, to create a&nbsp;<em>loving<\/em>,&nbsp;<em>relaxing<\/em>,&nbsp;<em>peaceful<\/em>&nbsp;and&nbsp;<em><u>family atmosphere<\/u><\/em>&nbsp;whereby people feel&nbsp;<em>accepted<\/em>,&nbsp;<em>gain trust<\/em>,&nbsp;<em>regain strength<\/em>&nbsp;and experience peace in&nbsp;<em><u>Body<\/u><\/em>,&nbsp;<em><u>Soul<\/u><\/em>&nbsp;and&nbsp;<em><u>Spirit<\/u><\/em>!&nbsp;<\/p>\n\n\n\n<p><strong>Are you seeking<\/strong>&nbsp;<strong>any of the above?<\/strong>&nbsp;Do you need to get away from the stresses of life?&nbsp;Then click the following&nbsp;<em>\u201c<u>HOME<\/u><\/em>\u201d for <em><u>further information<\/u><\/em>:<\/p>\n\n\n\n<p><strong><a href=\"https:\/\/global-friendship.org\/who-we-are\/\" data-type=\"URL\" data-id=\"https:\/\/global-friendship.org\/who-we-are\/\">Nolde Home<\/a><\/strong><\/p>\n\n\n\n<figure class=\"wp-block-image alignright size-large is-resized\"><img loading=\"lazy\" decoding=\"async\" width=\"1007\" height=\"1024\" src=\"https:\/\/global-friendship.org\/wp-content\/uploads\/2018\/03\/FINAL-design-GF-NEW_01072017_cut-1-1007x1024.jpg\" alt=\"\" class=\"wp-image-330\" style=\"width:120px;height:122px\" srcset=\"https:\/\/global-friendship.org\/wp-content\/uploads\/2018\/03\/FINAL-design-GF-NEW_01072017_cut-1-1007x1024.jpg 1007w, https:\/\/global-friendship.org\/wp-content\/uploads\/2018\/03\/FINAL-design-GF-NEW_01072017_cut-1-295x300.jpg 295w, https:\/\/global-friendship.org\/wp-content\/uploads\/2018\/03\/FINAL-design-GF-NEW_01072017_cut-1-768x781.jpg 768w, https:\/\/global-friendship.org\/wp-content\/uploads\/2018\/03\/FINAL-design-GF-NEW_01072017_cut-1.jpg 2003w\" sizes=\"auto, (max-width: 1007px) 100vw, 1007px\" \/><\/figure>\n\n\n\n<figure class=\"wp-block-image size-full\" id=\"german\"><img loading=\"lazy\" decoding=\"async\" width=\"85\" height=\"49\" src=\"https:\/\/global-friendship.org\/wp-content\/uploads\/2021\/07\/German.png\" alt=\"\" class=\"wp-image-655\"\/><\/figure>\n\n\n\n<h3 class=\"wp-block-heading\"><strong>Wer wir sind<\/strong><\/h3>\n\n\n\n<p><strong>Der Zweck von Global Friendship e.V.<\/strong> (GFeV) ist es, Menschen zu <span style=\"text-decoration: underline;\">betreuen <\/span>und zu <span style=\"text-decoration: underline;\">begleiten<\/span>, die sich in belastenden Lebenssituationen befinden, in denen sie im Rahmen ihrer individuellen M\u00f6glichkeiten zus\u00e4tzliche Unterst\u00fctzung, seelische F\u00fcrsorge und liebevolle praktische Hilfe ben\u00f6tigen.<\/p>\n\n\n\n<p>Wir legen Wert darauf, <span style=\"text-decoration: underline;\">Menschen aller Altersgruppen<\/span>, <span style=\"text-decoration: underline;\">Kulturen <\/span>und <span style=\"text-decoration: underline;\">Religionen <\/span>zu <span style=\"text-decoration: underline;\">verbinden <\/span>und zu <span style=\"text-decoration: underline;\">umarmen<\/span>, indem wir unsere H\u00e4user f\u00fcr den Dienst \u00f6ffnen. Unsere kollektive Erfahrung gibt uns die einzigartige Gelegenheit Menschen aus allen Lebensbereichen Hilfe anzubieten.<\/p>\n\n\n\n<p>&nbsp;<strong>Menschen <\/strong>durch <span style=\"text-decoration: underline;\">Coaching <\/span>und <span style=\"text-decoration: underline;\">Mentoring <\/span><strong>wachsen zu sehen<\/strong>, ist unsere Leidenschaft! Durch die Integration von Schul- und Sprachprojekten m\u00f6chten wir Jugendliche herausfordern und ermutigen, von anderen Kulturen zu lernen, Vorurteile abzubauen und den eigenen Horizont zu erweitern.<\/p>\n\n\n\n<p>Dies <strong>wird <\/strong>in Form von kurzen Aufenthalten, Telefonaten und p\u00e4dagogischer Unterst\u00fctzung <strong>m\u00f6glich gemacht<\/strong>. Wir schaffen die individuelle Verbindung durch praktische Lebenssituationen im Rahmen der <span style=\"text-decoration: underline;\">kognitiven Verhaltenstherapie<\/span>.<\/p>\n\n\n\n<p><strong>Unser Motto<\/strong>&nbsp;ist \u201e<span style=\"text-decoration: underline;\">bedingungslose Liebe<\/span>\u201c zu praktizieren, \u201e<span style=\"text-decoration: underline;\">authentisch zu sein<\/span>\u201c und andere \u201e<span style=\"text-decoration: underline;\">zu ermutigen<\/span>\u201c.&nbsp;<\/p>\n\n\n\n<p>Diese Wahrheiten helfen uns anderen zu helfen, mit den gleichen Werten zu leben, wenn sie uns wieder verlassen.<\/p>\n\n\n\n<p>Wir laden Sie herzlich ein Ihre <span style=\"text-decoration: underline;\">Maske fallen zu lassen<\/span> und erlauben Sie uns Sie in Ihrer Situation zu begleiten!<\/p>\n\n\n\n<p><strong>\u00dcbernachtungskosten <\/strong>werden nicht berechnet, aber eine <span style=\"text-decoration: underline;\">Spende <\/span>ist immer willkommen.<\/p>\n\n\n\n<p><strong><em>Global Friendship<\/em> ist weder eine Klinik noch ein Ferienhaus!<\/strong> Wir m\u00f6chten jedoch eine liebevolle, entspannte, friedliche und <span style=\"text-decoration: underline;\">famili\u00e4re Atmosph\u00e4re<\/span> schaffen, in der sich Menschen angenommen f\u00fchlen, Vertrauen gewinnen, Kraft sch\u00f6pfen und Frieden an <span style=\"text-decoration: underline;\">Leib<\/span>, <span style=\"text-decoration: underline;\">Seele <\/span>und <span style=\"text-decoration: underline;\">Geist <\/span>erfahren!<\/p>\n\n\n\n<p><strong>Suchen Sie&nbsp;eines der oben genannten Dinge?<\/strong> M\u00fcssen Sie dem Stress des Lebens entfliehen? Klicken Sie dann auf \u201e<span style=\"text-decoration: underline;\">HOME<\/span>\u201c, um <span style=\"text-decoration: underline;\">weitere Informationen<\/span> zu erhalten:<\/p>\n\n\n\n<p><strong><a href=\"https:\/\/global-friendship.org\/who-we-are\/\" data-type=\"URL\" data-id=\"https:\/\/global-friendship.org\/who-we-are\/\">Nolde Home<\/a><\/strong><\/p>\n","protected":false},"excerpt":{"rendered":"<p>F\u00fcr deutschen Text hier klicken The purpose&nbsp;of&nbsp;Global Friendship e.V.&nbsp;is to&nbsp;care&nbsp;and&nbsp;accompany&nbsp;people, who find themselves in stressful life situations in which they require extra support, soul care and loving practical help, within the parameters of our individual capabilities.&nbsp; We value&nbsp;connecting&nbsp;and&nbsp;embracing&nbsp;people of&nbsp;all ages,&nbsp;cultures&nbsp;and&nbsp;religions&nbsp;by opening our homes in service. Our corporate experience allows us a unique opportunity to offer [&hellip;]<\/p>\n","protected":false},"author":2,"featured_media":132,"parent":0,"menu_order":0,"comment_status":"closed","ping_status":"closed","template":"","meta":{"footnotes":""},"class_list":["post-590","page","type-page","status-publish","has-post-thumbnail","hentry"],"translation":{"provider":"WPGlobus","version":"3.0.2","language":"de","enabled_languages":["en","de"],"languages":{"en":{"title":true,"content":true,"excerpt":false},"de":{"title":false,"content":false,"excerpt":false}}},"_links":{"self":[{"href":"https:\/\/global-friendship.org\/de\/wp-json\/wp\/v2\/pages\/590","targetHints":{"allow":["GET"]}}],"collection":[{"href":"https:\/\/global-friendship.org\/de\/wp-json\/wp\/v2\/pages"}],"about":[{"href":"https:\/\/global-friendship.org\/de\/wp-json\/wp\/v2\/types\/page"}],"author":[{"embeddable":true,"href":"https:\/\/global-friendship.org\/de\/wp-json\/wp\/v2\/users\/2"}],"replies":[{"embeddable":true,"href":"https:\/\/global-friendship.org\/de\/wp-json\/wp\/v2\/comments?post=590"}],"version-history":[{"count":28,"href":"https:\/\/global-friendship.org\/de\/wp-json\/wp\/v2\/pages\/590\/revisions"}],"predecessor-version":[{"id":1042,"href":"https:\/\/global-friendship.org\/de\/wp-json\/wp\/v2\/pages\/590\/revisions\/1042"}],"wp:featuredmedia":[{"embeddable":true,"href":"https:\/\/global-friendship.org\/de\/wp-json\/wp\/v2\/media\/132"}],"wp:attachment":[{"href":"https:\/\/global-friendship.org\/de\/wp-json\/wp\/v2\/media?parent=590"}],"curies":[{"name":"wp","href":"https:\/\/api.w.org\/{rel}","templated":true}]}}