{"id":597,"date":"2021-03-13T10:56:13","date_gmt":"2021-03-13T09:56:13","guid":{"rendered":"https:\/\/global-friendship.org\/?page_id=597"},"modified":"2024-04-19T11:26:46","modified_gmt":"2024-04-19T09:26:46","slug":"2019-2","status":"publish","type":"page","link":"https:\/\/global-friendship.org\/de\/2019-2\/","title":{"rendered":"2019"},"content":{"rendered":"\n<p><a href=\"#german\">F\u00fcr den deutschen Text hier klicken.<\/a><\/p>\n\n\n\n<p>A peep into the\u00a0\u201c<strong><em>GF house<\/em><\/strong>\u201d<strong>\u00a0&#8211; 2019<\/strong>!\u00a0<\/p>\n\n\n\n<p>Since 2 years we have now done&nbsp;<em>\u201cofficially\u201d<\/em>&nbsp;what we have been doing for years! It is good to reflect and see if we are still true to our calling? With a deep conviction and without a trace of doubt, we can say YES!<\/p>\n\n\n\n<p>Our&nbsp;<strong>USA<\/strong>&nbsp;board members did not only come for the meeting but also to exchange ideas, reflect and to encouraged one another. This is always a highlight!&nbsp;<\/p>\n\n\n\n<p>A team from&nbsp;<strong>Colorado<\/strong>, came to Bad Kreuznach for a recreational and cultural assignment. A team of young people, under the leadership of the Malfitano couple, met with a local church community for joint activities. A youth leader sums it up as follows:&nbsp;<\/p>\n\n\n\n<p><em>&#8222;As a social worker (B.A.) I am active in youth welfare and I am happy about intercultural exchanges among young people, which can be helpful in removing prejudices and in broadening one\u2019s own cultural horizons. The activities carried out, some of which I was able to take part in, included for example:&nbsp;<\/em><\/p>\n\n\n\n<p><em>&#8211; Sports activities such as soccer, basketball and American football&nbsp;<\/em><\/p>\n\n\n\n<p><em>&#8211; Intercultural and interreligious exchanges&nbsp;<\/em><\/p>\n\n\n\n<p><em>&#8211; City tour and visit<\/em><\/p>\n\n\n\n<p><em>&nbsp;&#8211; Culinary exchange&nbsp;<\/em><\/p>\n\n\n\n<p><em>In summary, it can be said that the intercultural exchange was a complete success and an enrichment for everyone involved. Further cooperation with&nbsp;<strong>GFeV<\/strong>&nbsp;in this way is welcomed.&#8220;<\/em><em><\/em><\/p>\n\n\n\n<p><strong>GF<\/strong>&nbsp;<strong>for women:<\/strong>&nbsp;Monthly international ladies come together in order to gain a better understanding of the German culture. For these women, GF is a reliable contact for intercultural questions.<\/p>\n\n\n\n<p>After one of these meeting, a young lady contacted us. She needed some coaching as well as answers on how to effectively integrate and find new perspectives in Germany.&nbsp;<\/p>\n\n\n\n<p><strong>Coaching:<\/strong>&nbsp;Many hours and days followed explaining the German laws, culture and work environment.&nbsp;With regard to working life, she was coached in cultural and emotional differences, linguistic expressions and preparing for job interviews. An internship followed. Then a permanent position and after 2 years of continues support, one could say she has successfully integrated.&nbsp;<\/p>\n\n\n\n<p>A widow (<em>with 3 children<\/em>) residing in&nbsp;<strong>France<\/strong>&nbsp;requested support for her daughter who was in a psychiatric school at the time. She required assistance in English as well as working through possibilities for her future. Through reflecting talks and during our day-to-day activities, we could observe certain behavioral changes. Interacting with specialized doctors, we came to the conclusion that it appeared as if she was over medicated.&nbsp;Discussions with her and her mother led to a meeting with her Psychiatrist who agreed to drastically alter her medication plan.&nbsp;This resulted in her completing her high school diploma with very positive perspectives. We are thankful that we could play a small role in this improvement.&nbsp;This, once again, confirmed the importance of having an open house for all&nbsp;ages.<\/p>\n\n\n\n<p>Through recommendation a pastor with a \u201c<strong><em>burn-out syndrome<\/em><\/strong>\u201d came to us. Better than our report are his personal impressions, which we are happy to present here:&nbsp;<\/p>\n\n\n\n<p><em>\u201cThank you for being able to stay with you from *-* 2019. During my extreme difficult situation at work, it was like an oasis to be with you. Thank you very much that I could experience your hospitality as well as your attention. Thank you for all the conversations, the prayers, the coaching and the expert and empathic reflection on my personality, my work and the difficult professional situation as a whole. It was very encouraging and it helped me to better find my position, take it up and defend it. Looking back, I am very grateful for the array of \u201ctools\u201d that you equipped me with. My situation here at work has improved significantly over the last year, so that I have found new professional perspectives. Some things are still not as they should be, but we are on the right track. You made a decisive contribution to this. Also, the peace that I could enjoy. The long walks were refreshing and an excellent way to find peace inside, to switch off and to discover new horizons. I will be happy to come back. Thank you for your openness, your support, your house and the time you have given me.&nbsp;<\/em><\/p>\n\n\n\n<p><em>I warmly greet you and continue to be blessed for your excellent work with your &#8222;<strong>GF-house<\/strong>&#8222;<\/em><em><\/em><\/p>\n\n\n\n<p>Being on a 3-month home visit trip which includes many personal&nbsp;<em>visits, recruiting, meetings and presentations,<\/em>&nbsp;with no base to work from and planning can be a big challenge and extremely exhausting. We are thankful that our home could be that base at times for *L who is a director of a mission organisation<strong>&nbsp;<\/strong>in<strong>&nbsp;Brazil.<\/strong><\/p>\n\n\n\n<p>Many more telephone&nbsp;<em><u>calls<\/u><\/em>, voice&nbsp;<em><u>messages,<\/u>&nbsp;<u>talks<\/u><\/em>,&nbsp;<em><u>visits<\/u><\/em>,&nbsp;<em><u>walks<\/u><\/em>,&nbsp;<em><u>spiritual<\/u><\/em>&nbsp;<em><u>reflections<\/u><\/em>,&nbsp;<em><u>sharing<\/u><\/em>&nbsp;etc. is,&nbsp;<strong>GF in action!<\/strong><\/p>\n\n\n\n<p><em>You are more than welcome to contact us if you want to&nbsp;<strong>visit<\/strong>&nbsp;or&nbsp;<strong>comment<\/strong>.<\/em><\/p>\n\n\n\n<p><strong><em>Klaus &amp; Annatjie<\/em><\/strong><\/p>\n\n\n\n<p><em>Ps. \u201cWe are made for larger ends than Earth can encompass.<\/em><\/p>\n\n\n\n<p><em>Oh, let us be true to our exalted destiny.\u201d<\/em><\/p>\n\n\n\n<p>Catherine Booth<\/p>\n\n\n\n<h4 class=\"wp-block-heading\" id=\"german\">Ein Blick in das&nbsp;\u201c<strong><em>GF Haus<\/em><\/strong>\u201d<strong>&nbsp;&#8211; 2019<\/strong>!&nbsp;<\/h4>\n\n\n\n<p>Seit 2 Jahren haben wir das nun \u201e<em>offiziell<\/em>\u201c gemacht, was wir schon seit Jahren tun! Es ist gut, dar\u00fcber nachzudenken und zu sehen, ob wir unserer Berufung noch treu sind? <br>Aus tiefer \u00dcberzeugung und ohne jeden Zweifel k\u00f6nnen wir dazu JA sagen!<\/p>\n\n\n\n<p>Unsere Vorstandsmitglieder aus den USA kamen nicht nur Jahrestreffen, sondern auch um Ideen auszutauschen, zu reflektieren und sich gegenseitig Mut zu machen. Das ist immer ein Highlight!<\/p>\n\n\n\n<p id=\"block-814d5184-e208-484a-97c4-2b196ce28880\">Ein Team aus <strong>Colorado <\/strong>kam f\u00fcr einen Freizeit- und Kultureinsatz nach Bad Kreuznach. Ein Team junger Menschen unter der Leitung des Ehepaars Malfitano traf sich mit einer \u00f6rtlichen Kirchengemeinde zu gemeinsamen Aktivit\u00e4ten. Ein Jugendleiter hat es folgenderma\u00dfen zusammengefasst:<\/p>\n\n\n\n<p id=\"block-ba7e0102-70dc-46be-aae0-0cd7bee56ed9\"><em>\u201eAls Sozialp\u00e4dagogin (BA) bin ich in der Jugendhilfe t\u00e4tig und freue mich \u00fcber den interkulturellen Austausch unter Jugendlichen, der hilfreich sein kann Vorurteile abzubauen und den eigenen kulturellen Horizont zu erweitern. Zu den durchgef\u00fchrten Aktivit\u00e4ten, an denen ich teilweise mitwirken durfte, geh\u00f6rten beispielsweise:<\/em><\/p>\n\n\n\n<p id=\"block-bb8877a7-42f8-443e-abd0-759777c69e07\">&#8211;  Sportliche Aktivit\u00e4ten wie Fu\u00dfball, Basketball und American Football<br>&#8211;  Interkultureller und interreligi\u00f6ser Austausch<br><em>&#8211;  <\/em>Stadtrundfahrt und Besuche<br>&#8211;  Kulinarischer Austausch<\/p>\n\n\n\n<p><em>Zusammenfassend l\u00e4sst sich sagen, dass der interkulturelle Austausch ein voller Erfolg und eine Bereicherung f\u00fcr alle Beteiligten war. Eine weitere Zusammenarbeit mit GFeV in dieser Art w\u00fcrde ich auf jeden Fall begr\u00fc\u00dfen.&#8220;<\/em><\/p>\n\n\n\n<p id=\"block-aa51ec06-4707-4a45-a13a-45e80ccde8b6\"><strong>GF f\u00fcr Frauen:<\/strong> Monatlich kommen internationale Damen zusammen, um die deutsche Kultur besser kennenzulernen. F\u00fcr diese Frauen ist GF ein verl\u00e4sslicher Ansprechpartner f\u00fcr interkulturelle Fragen.<br>Nach einem dieser Treffen meldete sich eine junge Dame bei uns. Sie brauchte Coaching und Antworten, wie sie sich in Deutschland effektiv integrieren und neue Perspektiven finden kann.<\/p>\n\n\n\n<p><strong>Coaching:<\/strong> Es folgten viele Stunden und Tage, in denen ihr die deutschen Gesetze, die Kultur und das Arbeitsumfeld erkl\u00e4rt wurden. Im Hinblick auf das Berufsleben wurde sie in kulturellen und emotionalen Unterschieden, sprachlichen Ausdrucksformen und der Vorbereitung auf Vorstellungsgespr\u00e4che gecoacht. Es folgte ein Praktikum. Dann eine Festanstellung und nach 2 Jahren kontinuierlicher Betreuung kann man sagen &#8211; sie hat sich erfolgreich integriert!<\/p>\n\n\n\n<p id=\"block-48d849fd-9f17-4b44-ac40-00de960887ed\">Eine in <strong>Frankreich <\/strong>lebende Witwe (mit 3 fast erwachsenen Kindern) bat um Unterst\u00fctzung f\u00fcr ihre Tochter, die zu dieser Zeit in einer speziellen psychiatrischen Schule war. Sie ben\u00f6tigte Unterst\u00fctzung in Englisch und betrachtete einige M\u00f6glichkeiten f\u00fcr ihre Zukunft. Durch reflektierende Gespr\u00e4che und durch unsere t\u00e4glichen Aktivit\u00e4ten konnten wir bestimmte Verhaltens\u00e4nderungen beobachten. <br>Im Austausch mit spezialisierten \u00c4rzten kamen wir zu dem Schluss, dass es so aussah, als w\u00e4re sie \u00fcbermedikamentiert.<br>Gespr\u00e4che mit ihr und ihrer Mutter f\u00fchrten zu einem Treffen mit ihrem Psychiater, der danach bereit war ihren Medikationsplan drastisch zu \u00e4ndern. Dies f\u00fchrte dazu, dass sie ihr Abitur mit sehr positiven Perspektiven abschloss. <br>Wir sind dankbar, dass wir einen kleinen Beitrag zu dieser Verbesserung leisten konnten. Dies best\u00e4tigte erneut wie wichtig es ist ein offenes Haus f\u00fcr alle Altersgruppen zu haben.<\/p>\n\n\n\n<p id=\"block-705430d1-54db-44d7-a054-158f16492f05\">Durch Empfehlung kam ein Pastor mit einem \u201e<strong>Burn-Out-Syndrom<\/strong>\u201c zu uns. Besser als unser Bericht sind seine pers\u00f6nlichen Eindr\u00fccke, die wir hier gerne pr\u00e4sentieren:<\/p>\n\n\n\n<p id=\"block-0edbdccb-40f3-432d-a73b-4d16b0131032\"><em>\u201eDanke, dass ich von *-* 2019 bei euch bleiben durfte. In meiner extrem schwierigen Arbeitssituation war es wie eine Oase bei euch zu sein. Vielen Dank, dass ich eure Gastfreundschaft sowie eure Aufmerksamkeit erfahren durfte. Danke f\u00fcr all die Gespr\u00e4che, die Gebete, das Coaching und die fachkundige und empathische Reflexion meiner Pers\u00f6nlichkeit, meiner Arbeit und der schwierigen beruflichen Situation insgesamt. Das war sehr ermutigend und hat mir geholfen meine Position besser zu finden, einzunehmen und zu verteidigen.<\/em><br><em>R\u00fcckblickend bin ich sehr dankbar f\u00fcr die F\u00fclle an \u201eWerkzeugen\u201c, mit denen ihr mich ausgestattet habt. Meine Situation hier bei der Arbeit hat sich im letzten Jahr deutlich verbessert, sodass ich neue berufliche Perspektiven gefunden habe. Manches ist noch nicht so wie es sein sollte, aber wir sind auf dem richtigen Weg. Ihr habt dazu entscheidend beigetragen. Auch die Ruhe die ich genie\u00dfen konnte &#8211; die langen Spazierg\u00e4nge waren erfrischend und eine hervorragende M\u00f6glichkeit innere Ruhe zu finden, abzuschalten und neue Horizonte zu entdecken. Ich komme gerne wieder. Danke f\u00fcr eure Offenheit, eure Unterst\u00fctzung, euer Haus und die Zeit, die ihr mir geschenkt habt.<br>Ich gr\u00fc\u00dfe euch herzlich und seid weiterhin gesegnet f\u00fcr eure hervorragende Arbeit mit eurem &#8222;<strong>GF-Haus<\/strong>&#8222;<\/em><\/p>\n\n\n\n<p>Auf einer 3-monatigen Heimatreise zu sein, die viele pers\u00f6nliche Besuche, Rekrutierung, Meetings und Pr\u00e4sentationen umfasste, mit keinem festem Ort an dem man arbeiten und planen kann,ist das eine gro\u00dfe Herausforderung und ist \u00e4u\u00dferst anstrengend. Wir sind dankbar, dass unser Zuhause manchmal diese Basis f\u00fcr eine Leiterin einer Missionsorganisation aus <strong>Brasilien <\/strong>sein konnte.<\/p>\n\n\n\n<p id=\"block-e4d2b873-bb90-4266-9312-ac813adeca9b\">Viele weitere Telefonate, Sprachnachrichten, Gespr\u00e4che, Besuche, Spazierg\u00e4nge, geistliche Reflexionen, Gemeinschaft usw. &#8211; <strong>das ist GF in Aktion!<\/strong><\/p>\n\n\n\n<p id=\"block-15415f9c-21e6-408a-a999-7b58deb869c2\">Sie k\u00f6nnen uns gerne kontaktieren, wenn Sie&nbsp;uns <strong>besuchen&nbsp;<\/strong>oder&nbsp;<strong>kommentieren <\/strong>m\u00f6chten.<\/p>\n\n\n\n<p id=\"block-45319d91-f0e8-430f-99dd-c4f3a33f6b5b\"><strong><em>Klaus &amp; Annatjie<\/em><\/strong><\/p>\n\n\n\n<p id=\"block-ea9fad2b-546f-45e4-841f-95b5b3c2a009\">&#8222;<em><em>Oh, lasst uns unserer erhabenen Bestimmung treu bleiben.\u201c<\/em> <\/em><\/p>\n\n\n\n<p id=\"block-ea9fad2b-546f-45e4-841f-95b5b3c2a009\"><em>PS:  \u201eWir sind f\u00fcr gr\u00f6\u00dfere Zwecke geschaffen, als das was ie Erde umfassen kann.<\/em>&#8220; Catherine Booth<\/p>\n","protected":false},"excerpt":{"rendered":"<p>F\u00fcr den deutschen Text hier klicken. A peep into the\u00a0\u201cGF house\u201d\u00a0&#8211; 2019!\u00a0 Since 2 years we have now done&nbsp;\u201cofficially\u201d&nbsp;what we have been doing for years! It is good to reflect and see if we are still true to our calling? With a deep conviction and without a trace of doubt, we can say YES! Our&nbsp;USA&nbsp;board [&hellip;]<\/p>\n","protected":false},"author":2,"featured_media":0,"parent":0,"menu_order":0,"comment_status":"closed","ping_status":"closed","template":"","meta":{"footnotes":""},"class_list":["post-597","page","type-page","status-publish","hentry"],"translation":{"provider":"WPGlobus","version":"3.0.2","language":"de","enabled_languages":["en","de"],"languages":{"en":{"title":true,"content":true,"excerpt":false},"de":{"title":false,"content":false,"excerpt":false}}},"_links":{"self":[{"href":"https:\/\/global-friendship.org\/de\/wp-json\/wp\/v2\/pages\/597","targetHints":{"allow":["GET"]}}],"collection":[{"href":"https:\/\/global-friendship.org\/de\/wp-json\/wp\/v2\/pages"}],"about":[{"href":"https:\/\/global-friendship.org\/de\/wp-json\/wp\/v2\/types\/page"}],"author":[{"embeddable":true,"href":"https:\/\/global-friendship.org\/de\/wp-json\/wp\/v2\/users\/2"}],"replies":[{"embeddable":true,"href":"https:\/\/global-friendship.org\/de\/wp-json\/wp\/v2\/comments?post=597"}],"version-history":[{"count":9,"href":"https:\/\/global-friendship.org\/de\/wp-json\/wp\/v2\/pages\/597\/revisions"}],"predecessor-version":[{"id":968,"href":"https:\/\/global-friendship.org\/de\/wp-json\/wp\/v2\/pages\/597\/revisions\/968"}],"wp:attachment":[{"href":"https:\/\/global-friendship.org\/de\/wp-json\/wp\/v2\/media?parent=597"}],"curies":[{"name":"wp","href":"https:\/\/api.w.org\/{rel}","templated":true}]}}