{"id":638,"date":"2021-04-25T14:25:54","date_gmt":"2021-04-25T12:25:54","guid":{"rendered":"https:\/\/global-friendship.org\/?page_id=638"},"modified":"2026-01-31T19:04:17","modified_gmt":"2026-01-31T18:04:17","slug":"free-to-fly-the-fight-against-human-trafficking","status":"publish","type":"page","link":"https:\/\/global-friendship.org\/de\/free-to-fly-the-fight-against-human-trafficking\/","title":{"rendered":"Beyond Priceless &#8211; Der Kampf gegen Menschenhandel"},"content":{"rendered":"<\/p>\n\n\n<figure class=\"wp-block-image alignright size-large is-resized\"><img loading=\"lazy\" decoding=\"async\" width=\"809\" height=\"1024\" src=\"https:\/\/global-friendship.org\/wp-content\/uploads\/2021\/04\/ftf-logo-final-809x1024.jpg\" alt=\"\" class=\"wp-image-627\" style=\"width:145px;height:auto\" srcset=\"https:\/\/global-friendship.org\/wp-content\/uploads\/2021\/04\/ftf-logo-final-809x1024.jpg 809w, https:\/\/global-friendship.org\/wp-content\/uploads\/2021\/04\/ftf-logo-final-237x300.jpg 237w, https:\/\/global-friendship.org\/wp-content\/uploads\/2021\/04\/ftf-logo-final-768x972.jpg 768w, https:\/\/global-friendship.org\/wp-content\/uploads\/2021\/04\/ftf-logo-final-1214x1536.jpg 1214w, https:\/\/global-friendship.org\/wp-content\/uploads\/2021\/04\/ftf-logo-final-1618x2048.jpg 1618w, https:\/\/global-friendship.org\/wp-content\/uploads\/2021\/04\/ftf-logo-final.jpg 2000w\" sizes=\"auto, (max-width: 809px) 100vw, 809px\" \/><\/figure>\n\n\n\n<p>Global Friendship teilt nicht nur die Vision von <a href=\"https:\/\/www.beyondpriceless.org\" data-type=\"link\" data-id=\"https:\/\/www.beyondpriceless.org\">Beyond Priceless<\/a>, sondern beteiligt sich auch aktiv an deren Kampf gegen Menschenhandel.<\/p>\n\n\n\n<p>Menschenhandel ist das am schnellsten wachsende organisierte Verbrechen der Welt! Kinder werden in S\u00fcdafrika in die Prostitution, den Drogen- und Organhandel, zur Arbeit, in illegale Adoptionen sowie in Zwangsheiraten verkauft. Derzeit gibt es in ganz S\u00fcdafrika kein registriertes Heim, das auf die Betreuung und Gew\u00e4hrleistung der Sicherheit von Opfern des Menschenhandels und sexuell ausgebeuteter Minderj\u00e4hriger spezialisiert ist. S\u00fcdafrika ist Herkunfts-, Transit- und Zielland des Menschenhandels.<\/p>\n\n\n\n<p>Um die Vision des \u201eFree To Fly Home\u201c Wirklichkeit werden zu lassen, brauchen wir Ihre Unterst\u00fctzung!!<\/p>\n\n\n\n<p><strong>Vision:<\/strong><\/p>\n\n\n\n<figure class=\"wp-block-image alignright size-large is-resized\"><img loading=\"lazy\" decoding=\"async\" width=\"1024\" height=\"705\" src=\"https:\/\/global-friendship.org\/wp-content\/uploads\/2021\/04\/SHE-IS-FREE-TO-FLY-1024x705.jpg\" alt=\"\" class=\"wp-image-630\" style=\"width:199px;height:auto\" srcset=\"https:\/\/global-friendship.org\/wp-content\/uploads\/2021\/04\/SHE-IS-FREE-TO-FLY-1024x705.jpg 1024w, https:\/\/global-friendship.org\/wp-content\/uploads\/2021\/04\/SHE-IS-FREE-TO-FLY-300x206.jpg 300w, https:\/\/global-friendship.org\/wp-content\/uploads\/2021\/04\/SHE-IS-FREE-TO-FLY-768x529.jpg 768w, https:\/\/global-friendship.org\/wp-content\/uploads\/2021\/04\/SHE-IS-FREE-TO-FLY-1536x1057.jpg 1536w, https:\/\/global-friendship.org\/wp-content\/uploads\/2021\/04\/SHE-IS-FREE-TO-FLY-2048x1409.jpg 2048w\" sizes=\"auto, (max-width: 1024px) 100vw, 1024px\" \/><\/figure>\n\n\n\n<p><em>\u201cOur vision for <\/em><a href=\"https:\/\/www.beyondpriceless.org\">Beyond Priceless<\/a><em> is to see lives transformed from brokenness to a place of wholeness.<\/em> <em>We believe that lives can be healed, the broken-hearted restored and the captives set free. \u201c<\/em><\/p>\n\n\n\n<p><strong>Passion:<\/strong><\/p>\n\n\n\n<p><em>\u201c<\/em><a href=\"https:\/\/www.beyondpriceless.org\">Beyond Priceless<\/a><em> fights against the chains of bondage to set the captives free, becoming who their Creator intended them to be\u201d&nbsp;A.N.&nbsp;<\/em>&nbsp;<\/p>\n\n\n\n<p><strong>Follow us on:<\/strong>&nbsp;<\/p>\n\n\n\n<p><strong>Up-dates:<\/strong><\/p>\n\n\n\n<p>Date: 1 April 2021- Source:&nbsp;United Nations<\/p>\n\n\n\n<p><a rel=\"noreferrer noopener\" target=\"_blank\" href=\"https:\/\/in-contact.org\/go\/56\/14590\/1704\/\">500 rescued and 195 arrested following INTERPOL human trafficking and migrant smuggling operation<\/a><\/p>\n\n\n\n<p>&#8222;In an INTERPOL-led crackdown on human trafficking and migrant smuggling, authorities in Africa and Europe have rescued nearly 500 victims of human trafficking &#8211; including children &#8211; and identified some 760 irregular migrants.&#8220;<\/p>\n\n\n\n<figure class=\"wp-block-gallery has-nested-images columns-default is-cropped wp-block-gallery-1 is-layout-flex wp-block-gallery-is-layout-flex\">\n<figure class=\"wp-block-image size-large\"><img loading=\"lazy\" decoding=\"async\" width=\"1024\" height=\"699\" data-id=\"629\" src=\"https:\/\/global-friendship.org\/wp-content\/uploads\/2021\/04\/Kailash-Satyarthi-quote1-1024x699-1.jpg\" alt=\"\" class=\"wp-image-629\" srcset=\"https:\/\/global-friendship.org\/wp-content\/uploads\/2021\/04\/Kailash-Satyarthi-quote1-1024x699-1.jpg 1024w, https:\/\/global-friendship.org\/wp-content\/uploads\/2021\/04\/Kailash-Satyarthi-quote1-1024x699-1-300x205.jpg 300w, https:\/\/global-friendship.org\/wp-content\/uploads\/2021\/04\/Kailash-Satyarthi-quote1-1024x699-1-768x524.jpg 768w\" sizes=\"auto, (max-width: 1024px) 100vw, 1024px\" \/><\/figure>\n\n\n\n<figure class=\"wp-block-image size-large\"><img loading=\"lazy\" decoding=\"async\" width=\"1018\" height=\"1024\" data-id=\"625\" src=\"https:\/\/global-friendship.org\/wp-content\/uploads\/2021\/04\/cta-stop-child-slavery-shadow2-1018x1024.png\" alt=\"\" class=\"wp-image-625\" srcset=\"https:\/\/global-friendship.org\/wp-content\/uploads\/2021\/04\/cta-stop-child-slavery-shadow2-1018x1024.png 1018w, https:\/\/global-friendship.org\/wp-content\/uploads\/2021\/04\/cta-stop-child-slavery-shadow2-298x300.png 298w, https:\/\/global-friendship.org\/wp-content\/uploads\/2021\/04\/cta-stop-child-slavery-shadow2-150x150.png 150w, https:\/\/global-friendship.org\/wp-content\/uploads\/2021\/04\/cta-stop-child-slavery-shadow2-768x773.png 768w, https:\/\/global-friendship.org\/wp-content\/uploads\/2021\/04\/cta-stop-child-slavery-shadow2-100x100.png 100w, https:\/\/global-friendship.org\/wp-content\/uploads\/2021\/04\/cta-stop-child-slavery-shadow2.png 1500w\" sizes=\"auto, (max-width: 1018px) 100vw, 1018px\" \/><\/figure>\n<\/figure>\n\n\n<p>","protected":false},"excerpt":{"rendered":"<p>Global Friendship teilt nicht nur die Vision von Beyond Priceless, sondern beteiligt sich auch aktiv an deren Kampf gegen Menschenhandel. Menschenhandel ist das am schnellsten wachsende organisierte Verbrechen der Welt! Kinder werden in S\u00fcdafrika in die Prostitution, den Drogen- und Organhandel, zur Arbeit, in illegale Adoptionen sowie in Zwangsheiraten verkauft. Derzeit gibt es in ganz [&hellip;]<\/p>\n","protected":false},"author":2,"featured_media":0,"parent":0,"menu_order":0,"comment_status":"closed","ping_status":"closed","template":"","meta":{"footnotes":""},"class_list":["post-638","page","type-page","status-publish","hentry"],"translation":{"provider":"WPGlobus","version":"3.0.2","language":"de","enabled_languages":["en","de"],"languages":{"en":{"title":true,"content":true,"excerpt":false},"de":{"title":true,"content":true,"excerpt":false}}},"_links":{"self":[{"href":"https:\/\/global-friendship.org\/de\/wp-json\/wp\/v2\/pages\/638","targetHints":{"allow":["GET"]}}],"collection":[{"href":"https:\/\/global-friendship.org\/de\/wp-json\/wp\/v2\/pages"}],"about":[{"href":"https:\/\/global-friendship.org\/de\/wp-json\/wp\/v2\/types\/page"}],"author":[{"embeddable":true,"href":"https:\/\/global-friendship.org\/de\/wp-json\/wp\/v2\/users\/2"}],"replies":[{"embeddable":true,"href":"https:\/\/global-friendship.org\/de\/wp-json\/wp\/v2\/comments?post=638"}],"version-history":[{"count":15,"href":"https:\/\/global-friendship.org\/de\/wp-json\/wp\/v2\/pages\/638\/revisions"}],"predecessor-version":[{"id":1127,"href":"https:\/\/global-friendship.org\/de\/wp-json\/wp\/v2\/pages\/638\/revisions\/1127"}],"wp:attachment":[{"href":"https:\/\/global-friendship.org\/de\/wp-json\/wp\/v2\/media?parent=638"}],"curies":[{"name":"wp","href":"https:\/\/api.w.org\/{rel}","templated":true}]}}