{"id":7,"date":"2018-02-13T20:48:37","date_gmt":"2018-02-13T19:48:37","guid":{"rendered":"http:\/\/global-friendship.org\/?page_id=7"},"modified":"2024-07-04T13:26:18","modified_gmt":"2024-07-04T11:26:18","slug":"who-we-are","status":"publish","type":"page","link":"https:\/\/global-friendship.org\/de\/who-we-are\/","title":{"rendered":"Nolde Home \/ Nolde zuhause"},"content":{"rendered":"\n<p><a href=\"#german\">F\u00fcr deutschen Text <strong>hier <\/strong>klicken<\/a><\/p>\n\n\n\n<figure class=\"wp-block-image size-full\" id=\"english\"><img loading=\"lazy\" decoding=\"async\" width=\"87\" height=\"50\" src=\"https:\/\/global-friendship.org\/wp-content\/uploads\/2021\/07\/English.png\" alt=\"\" class=\"wp-image-654\"\/><\/figure>\n\n\n\n<p class=\"has-x-large-font-size\"><strong>About us<\/strong><\/p>\n\n\n\n<figure class=\"wp-block-image alignright size-full is-resized\"><img loading=\"lazy\" decoding=\"async\" width=\"400\" height=\"400\" src=\"https:\/\/global-friendship.org\/wp-content\/uploads\/2018\/06\/38.jpg\" alt=\"\" class=\"wp-image-394\" style=\"width:236px;height:auto\" srcset=\"https:\/\/global-friendship.org\/wp-content\/uploads\/2018\/06\/38.jpg 400w, https:\/\/global-friendship.org\/wp-content\/uploads\/2018\/06\/38-150x150.jpg 150w, https:\/\/global-friendship.org\/wp-content\/uploads\/2018\/06\/38-300x300.jpg 300w, https:\/\/global-friendship.org\/wp-content\/uploads\/2018\/06\/38-100x100.jpg 100w\" sizes=\"auto, (max-width: 400px) 100vw, 400px\" \/><\/figure>\n\n\n\n<p>We are an international couple, active in the corporate world with people as our passion!<\/p>\n\n\n\n<p><strong>We have \/ we are:<\/strong><\/p>\n\n\n\n<ul class=\"wp-block-list\">\n<li>mentors and certified life coaches<\/li>\n\n\n\n<li>served on several leadership and youth projects<\/li>\n\n\n\n<li>partnering with other international NGOs<\/li>\n\n\n\n<li>the founders of the international group &#8222;Global Friendship&#8220;<\/li>\n\n\n\n<li>the directors of Language youth camps <a href=\"http:\/\/www.language-explosion.de\" target=\"_blank\" rel=\"noreferrer noopener\">www.language-explosion.de<\/a><\/li>\n<\/ul>\n\n\n\n<p class=\"has-medium-font-size\"><strong>Our core values:<\/strong><\/p>\n\n\n\n<p>We value connecting and embracing people of all ages, cultures and religions and desire to use our home to serve them.<br>We value our youth of today and desire to challenge and encourage them to learn from other cultures, religions and languages through school and language projects.<br>We value unconditional love, fellowship and encouragement as making a difference in our world!<br>We value authenticity and the freedom to \u201cdrop the mask\u201d- whether over a meal, an overnight stay, a fortnight or a few months. &nbsp;We desire that our guests feel special in a world filled with hate and loneliness.<br>We value the uniqueness of each individual and want to celebrate that with you.<br>We value the home as an &#8222;oasis for those who thirst&#8220;We value humor and believe it can diffuse the most trying circumstances.<br>We value that through all this, we too are being shaped, encouraged, loved, embraced and learning an immense about ourselves and others!<\/p>\n\n\n\n<figure class=\"wp-block-image alignright size-full is-resized\"><img loading=\"lazy\" decoding=\"async\" width=\"400\" height=\"400\" src=\"https:\/\/global-friendship.org\/wp-content\/uploads\/2018\/02\/relax_downsized.jpg\" alt=\"\" class=\"wp-image-138\" style=\"width:234px;height:auto\" srcset=\"https:\/\/global-friendship.org\/wp-content\/uploads\/2018\/02\/relax_downsized.jpg 400w, https:\/\/global-friendship.org\/wp-content\/uploads\/2018\/02\/relax_downsized-150x150.jpg 150w, https:\/\/global-friendship.org\/wp-content\/uploads\/2018\/02\/relax_downsized-300x300.jpg 300w, https:\/\/global-friendship.org\/wp-content\/uploads\/2018\/02\/relax_downsized-100x100.jpg 100w\" sizes=\"auto, (max-width: 400px) 100vw, 400px\" \/><\/figure>\n\n\n\n<p><strong>You are welcome whether you come:<\/strong><\/p>\n\n\n\n<ul class=\"wp-block-list\">\n<li>to relax<\/li>\n\n\n\n<li>for emotional or spiritual encouragement<\/li>\n\n\n\n<li>to be spoiled, loved and exchange ideas<\/li>\n\n\n\n<li>to regain spiritual strength and refocus<\/li>\n\n\n\n<li>to just stop by and \u201ccharge your battery\u201d<\/li>\n\n\n\n<li>or to simply see old friends and have some fun, good laughs and sometimes to cry together.<\/li>\n<\/ul>\n\n\n\n<p>Should you wish to remain a bit longer, sharing in family duties will give you a feeling of being at home and we will have more time with you!<\/p>\n\n\n\n<p><strong>ABOVE ALL, YOU ARE WELCOME !!!<\/strong><\/p>\n\n\n\n<p><\/p>\n\n\n\n<p><strong>WE ARE NOT:<\/strong><\/p>\n\n\n\n<ul class=\"wp-block-list\">\n<li>We are not psychologists; therefore, we cannot help the mentally ill.<\/li>\n\n\n\n<li>We are not a hospital or a clinic; therefore, we cannot nurse you.<\/li>\n\n\n\n<li>We are not a hotel, therefore space is sometimes limited.<\/li>\n<\/ul>\n\n\n\n<p><strong>Please do not hesitate to <a href=\"https:\/\/global-friendship.org\/contact\/\">contact<\/a> us, if you consider a visit<\/strong><\/p>\n\n\n\n<ul class=\"wp-block-list\">\n<li>We are not psychologists; therefore, we cannot help the mentally ill.<\/li>\n\n\n\n<li>We are not a hospital or a clinic; therefore, we cannot nurse you.<\/li>\n\n\n\n<li>We are not a hotel, therefore space is sometimes limited.<\/li>\n<\/ul>\n\n\n\n<blockquote class=\"wp-block-quote is-layout-flow wp-block-quote-is-layout-flow\">\n<p><strong>Please do not hesitate to <a href=\"https:\/\/global-friendship.org\/contact\/\">contact<\/a> us, if you consider a visit<\/strong><\/p>\n<\/blockquote>\n\n\n\n<h4 class=\"wp-block-heading\">&nbsp;<\/h4>\n\n\n\n<figure class=\"wp-block-image size-full\" id=\"german\"><img loading=\"lazy\" decoding=\"async\" width=\"85\" height=\"49\" src=\"https:\/\/global-friendship.org\/wp-content\/uploads\/2021\/07\/German.png\" alt=\"\" class=\"wp-image-655\"\/><\/figure>\n\n\n\n<h4 class=\"wp-block-heading\" id=\"-german\"><strong>\u00dcber uns<\/strong><\/h4>\n\n\n\n<figure class=\"wp-block-image alignright is-resized\"><img loading=\"lazy\" decoding=\"async\" width=\"150\" height=\"150\" src=\"https:\/\/global-friendship.org\/wp-content\/uploads\/2018\/06\/38-150x150.jpg\" alt=\"\" class=\"wp-image-394\" style=\"width:217px;height:auto\" srcset=\"https:\/\/global-friendship.org\/wp-content\/uploads\/2018\/06\/38-150x150.jpg 150w, https:\/\/global-friendship.org\/wp-content\/uploads\/2018\/06\/38-300x300.jpg 300w, https:\/\/global-friendship.org\/wp-content\/uploads\/2018\/06\/38-100x100.jpg 100w, https:\/\/global-friendship.org\/wp-content\/uploads\/2018\/06\/38.jpg 400w\" sizes=\"auto, (max-width: 150px) 100vw, 150px\" \/><\/figure>\n\n\n\n<p><span style=\"font-size: revert; font-family: var(--wp--preset--font-family--system-font);\">Wir sind ein internationales Paar, aktiv in der Unternehmenswelt mit Menschen als unsere Leidenschaft!<\/span><\/p>\n\n\n\n<ul class=\"wp-block-list\">\n<li><span style=\"font-size: 1rem;\">Wir sind Mentoren und zertifizierte Lebensberater<\/span><\/li>\n\n\n\n<li><span style=\"font-size: 1rem;\">Wir haben mehrere F\u00fchrungs- und Jugendprojekte organisiert und&nbsp; gestaltet<\/span><\/li>\n\n\n\n<li><span style=\"font-size: 1rem;\">Wir haben Partnerschaften mit anderen internationalen gemeinn\u00fctzigen Organisationen iniziiert.<\/span><\/li>\n\n\n\n<li><span style=\"font-size: 1rem;\">Wir sind die Gr\u00fcnder der internationalen Gruppe &#8222;Global Friendship<\/span>&#8222;<\/li>\n\n\n\n<li><span style=\"font-size: 1rem;\">Wir sind die Leiter der Sprachcamps <a href=\"http:\/\/www.language-explosion.de\">www.language-explosion.de<\/a><\/span><\/li>\n<\/ul>\n\n\n\n<h5 class=\"wp-block-heading\">Unsere Grundwerte:<\/h5>\n\n\n\n<p>Wir legen Wert darauf, Menschen aller Altersgruppen, Kulturen und Religionen zu verbinden und zu umarmen und m\u00f6chten unser Zuhause nutzen, um ihnen zu dienen.<\/p>\n\n\n\n<p>Wir sch\u00e4tzen unsere Jugend von heute und m\u00f6chten sie durch Schul- und Sprachprojekte herausfordern und ermutigen, von anderen Kulturen, Religionen und Sprachen zu lernen.<\/p>\n\n\n\n<p>Wir sch\u00e4tzen bedingungslose Liebe, Kameradschaft und Ermutigung als einen Unterschied in unserer Welt!<\/p>\n\n\n\n<figure class=\"wp-block-image alignright\"><img loading=\"lazy\" decoding=\"async\" width=\"300\" height=\"300\" src=\"https:\/\/global-friendship.org\/wp-content\/uploads\/2018\/02\/masks_field_nature_downsized-300x300.jpg\" alt=\"\" class=\"wp-image-136\" srcset=\"https:\/\/global-friendship.org\/wp-content\/uploads\/2018\/02\/masks_field_nature_downsized-300x300.jpg 300w, https:\/\/global-friendship.org\/wp-content\/uploads\/2018\/02\/masks_field_nature_downsized-150x150.jpg 150w, https:\/\/global-friendship.org\/wp-content\/uploads\/2018\/02\/masks_field_nature_downsized-100x100.jpg 100w, https:\/\/global-friendship.org\/wp-content\/uploads\/2018\/02\/masks_field_nature_downsized.jpg 400w\" sizes=\"auto, (max-width: 300px) 100vw, 300px\" \/><\/figure>\n\n\n\n<p>Wir legen Wert auf Authentizit\u00e4t und die Freiheit \u201edie Maske fallen zu lassen\u201c \u2013 sei es \u00fcber eine Mahlzeit, eine \u00dcbernachtung, zwei Wochen oder ein paar Monate. Wir m\u00f6chten, dass sich unsere G\u00e4ste in einer Welt voller Hass und Einsamkeit bei uns besonders f\u00fchlen.<\/p>\n\n\n\n<p>Wir sch\u00e4tzen die Einzigartigkeit jedes Einzelnen und m\u00f6chten dies mit Ihnen feiern.<\/p>\n\n\n\n<p>Wir sch\u00e4tzen das Zuhause als \u201eOase f\u00fcr Durstige\u201c.<\/p>\n\n\n\n<p>Wir legen Wert auf Humor und glauben, dass er selbst die schwierigsten Umst\u00e4nde zerstreuen kann.<\/p>\n\n\n\n<p>Wir legen Wert darauf, dass auch wir durch all das gepr\u00e4gt, ermutigt, geliebt und angenommen werden und eine immense Menge \u00fcber uns selbst und andere lernen!<\/p>\n\n\n\n<h5 class=\"wp-block-heading\">Sie sind herzlich willkommen, egal ob Sie kommen&#8230;<img loading=\"lazy\" decoding=\"async\" class=\" wp-image-138 alignright\" src=\"https:\/\/global-friendship.org\/wp-content\/uploads\/2018\/02\/relax_downsized-300x300.jpg\" alt=\"\" width=\"250\" height=\"250\" srcset=\"https:\/\/global-friendship.org\/wp-content\/uploads\/2018\/02\/relax_downsized-300x300.jpg 300w, https:\/\/global-friendship.org\/wp-content\/uploads\/2018\/02\/relax_downsized-150x150.jpg 150w, https:\/\/global-friendship.org\/wp-content\/uploads\/2018\/02\/relax_downsized-100x100.jpg 100w, https:\/\/global-friendship.org\/wp-content\/uploads\/2018\/02\/relax_downsized.jpg 400w\" sizes=\"auto, (max-width: 250px) 100vw, 250px\" \/><\/h5>\n\n\n\n<ul class=\"wp-block-list\">\n<li>um zu entspannen<\/li>\n\n\n\n<li>f\u00fcr emotionale oder spirituelle Ermutigung<\/li>\n\n\n\n<li>verw\u00f6hnt, geliebt und ver\u00e4ndert zu werden<\/li>\n\n\n\n<li>um spirituelle St\u00e4rke wieder-zugewinnen und sich neu zu fokussieren<\/li>\n\n\n\n<li>um einfach vorbeikommen und \u201eden Akku   aufzuladen\u201c oder &#8230;<\/li>\n\n\n\n<li>einfach nur alte Freunde wiedersehen und Spa\u00df haben, gut lachen und manchmal auch gemeinsam weinen.<\/li>\n<\/ul>\n\n\n\n<blockquote class=\"wp-block-quote is-layout-flow wp-block-quote-is-layout-flow\">\n<p>Wenn Sie l\u00e4nger bleiben m\u00f6chten, k\u00f6nnen Sie durch die Mitarbeit an den famili\u00e4ren Pflichten das Gef\u00fchl haben zu Hause zu sein und wir k\u00f6nnen mehr Zeit mit Ihnen verbringen!<\/p>\n<\/blockquote>\n\n\n\n<p><strong>VOR ALLEM SIND SIE HERZLICH WILLKOMMEN!!!<\/strong><\/p>\n\n\n\n<h5 class=\"wp-block-heading\">WAS WIR NICHT SIND:<\/h5>\n\n\n\n<ul class=\"wp-block-list\">\n<li>Wir sind keine Psychologen; deshalb k\u00f6nnen wir psychisch Kranken nicht helfen.<\/li>\n\n\n\n<li>Wir sind kein Krankenhaus oder eine Klinik; daher k\u00f6nnen wir Sie nicht pflegen.<\/li>\n\n\n\n<li>Wir sind kein Hotel, daher ist der Platz manchmal begrenzt.<\/li>\n<\/ul>\n\n\n\n<blockquote class=\"wp-block-quote is-layout-flow wp-block-quote-is-layout-flow\">\n<p><strong>Bitte z\u00f6gern Sie nicht uns zu kontaktieren, wenn Sie einen Besuch in Betracht ziehen.<\/strong><\/p>\n<\/blockquote>\n","protected":false},"excerpt":{"rendered":"<p>F\u00fcr deutschen Text hier klicken About us We are an international couple, active in the corporate world with people as our passion! We have \/ we are: Our core values: We value connecting and embracing people of all ages, cultures and religions and desire to use our home to serve them.We value our youth of [&hellip;]<\/p>\n","protected":false},"author":1,"featured_media":0,"parent":0,"menu_order":0,"comment_status":"closed","ping_status":"closed","template":"","meta":{"footnotes":""},"class_list":["post-7","page","type-page","status-publish","hentry"],"translation":{"provider":"WPGlobus","version":"3.0.2","language":"de","enabled_languages":["en","de"],"languages":{"en":{"title":true,"content":true,"excerpt":false},"de":{"title":false,"content":false,"excerpt":false}}},"_links":{"self":[{"href":"https:\/\/global-friendship.org\/de\/wp-json\/wp\/v2\/pages\/7","targetHints":{"allow":["GET"]}}],"collection":[{"href":"https:\/\/global-friendship.org\/de\/wp-json\/wp\/v2\/pages"}],"about":[{"href":"https:\/\/global-friendship.org\/de\/wp-json\/wp\/v2\/types\/page"}],"author":[{"embeddable":true,"href":"https:\/\/global-friendship.org\/de\/wp-json\/wp\/v2\/users\/1"}],"replies":[{"embeddable":true,"href":"https:\/\/global-friendship.org\/de\/wp-json\/wp\/v2\/comments?post=7"}],"version-history":[{"count":27,"href":"https:\/\/global-friendship.org\/de\/wp-json\/wp\/v2\/pages\/7\/revisions"}],"predecessor-version":[{"id":1039,"href":"https:\/\/global-friendship.org\/de\/wp-json\/wp\/v2\/pages\/7\/revisions\/1039"}],"wp:attachment":[{"href":"https:\/\/global-friendship.org\/de\/wp-json\/wp\/v2\/media?parent=7"}],"curies":[{"name":"wp","href":"https:\/\/api.w.org\/{rel}","templated":true}]}}